{"id":3376,"date":"2026-03-03T21:38:10","date_gmt":"2026-03-03T21:38:10","guid":{"rendered":"https:\/\/saintplushie.com\/shop\/le-duo-de-porte-cles\/"},"modified":"2026-03-03T21:38:10","modified_gmt":"2026-03-03T21:38:10","slug":"le-duo-de-porte-cles","status":"publish","type":"product","link":"https:\/\/saintplushie.com\/fr\/shop\/le-duo-de-porte-cles\/","title":{"rendered":"Le duo de porte-cl\u00e9s"},"content":{"rendered":"<p>J\u00e9sus et Marie ensemble &#8211; portez votre foi partout o\u00f9 vous allez. Parfait pour les sacs \u00e0 dos, les cl\u00e9s et les petites mains. <\/p>\n","protected":false},"excerpt":{"rendered":"<p>J\u00e9sus et Marie ensemble &#8211; portez votre foi partout o\u00f9 vous allez. Parfait pour les sacs \u00e0 dos, les cl\u00e9s et les petites mains. <\/p>\n","protected":false},"featured_media":2941,"comment_status":"open","ping_status":"closed","template":"","meta":[],"product_brand":[],"product_cat":[60],"product_tag":[],"class_list":{"0":"post-3376","1":"product","2":"type-product","3":"status-publish","4":"has-post-thumbnail","6":"product_cat-bundles","8":"first","9":"onbackorder","10":"sale","11":"taxable","12":"shipping-taxable","13":"purchasable","14":"product-type-simple"},"jetpack_sharing_enabled":true,"_links":{"self":[{"href":"https:\/\/saintplushie.com\/fr\/wp-json\/wp\/v2\/product\/3376","targetHints":{"allow":["GET"]}}],"collection":[{"href":"https:\/\/saintplushie.com\/fr\/wp-json\/wp\/v2\/product"}],"about":[{"href":"https:\/\/saintplushie.com\/fr\/wp-json\/wp\/v2\/types\/product"}],"replies":[{"embeddable":true,"href":"https:\/\/saintplushie.com\/fr\/wp-json\/wp\/v2\/comments?post=3376"}],"wp:featuredmedia":[{"embeddable":true,"href":"https:\/\/saintplushie.com\/fr\/wp-json\/wp\/v2\/media\/2941"}],"wp:attachment":[{"href":"https:\/\/saintplushie.com\/fr\/wp-json\/wp\/v2\/media?parent=3376"}],"wp:term":[{"taxonomy":"product_brand","embeddable":true,"href":"https:\/\/saintplushie.com\/fr\/wp-json\/wp\/v2\/product_brand?post=3376"},{"taxonomy":"product_cat","embeddable":true,"href":"https:\/\/saintplushie.com\/fr\/wp-json\/wp\/v2\/product_cat?post=3376"},{"taxonomy":"product_tag","embeddable":true,"href":"https:\/\/saintplushie.com\/fr\/wp-json\/wp\/v2\/product_tag?post=3376"}],"curies":[{"name":"wp","href":"https:\/\/api.w.org\/{rel}","templated":true}]}}