{"id":3374,"date":"2026-03-03T21:02:40","date_gmt":"2026-03-03T21:02:40","guid":{"rendered":"https:\/\/saintplushie.com\/shop\/le-cadeau-de-bapteme\/"},"modified":"2026-03-03T21:02:40","modified_gmt":"2026-03-03T21:02:40","slug":"le-cadeau-de-bapteme","status":"publish","type":"product","link":"https:\/\/saintplushie.com\/fr\/shop\/le-cadeau-de-bapteme\/","title":{"rendered":"Le cadeau de bapt\u00eame"},"content":{"rendered":"<p>Le cadeau de bapt\u00eame id\u00e9al &#8211; un saint avec lequel grandir, et deux porte-cl\u00e9s pour les parents afin de transporter leur foi partout. Pr\u00eat \u00e0 \u00eatre offert et fabriqu\u00e9 avec d\u00e9votion. <\/p>\n","protected":false},"excerpt":{"rendered":"<p>Le cadeau de bapt\u00eame id\u00e9al &#8211; un saint avec lequel grandir, et deux porte-cl\u00e9s pour les parents afin de transporter leur foi partout. Pr\u00eat \u00e0 \u00eatre offert et fabriqu\u00e9 avec d\u00e9votion.<\/p>\n","protected":false},"featured_media":2932,"comment_status":"open","ping_status":"closed","template":"","meta":[],"product_brand":[],"product_cat":[60],"product_tag":[],"class_list":{"0":"post-3374","1":"product","2":"type-product","3":"status-publish","4":"has-post-thumbnail","6":"product_cat-bundles","8":"first","9":"onbackorder","10":"sale","11":"taxable","12":"shipping-taxable","13":"purchasable","14":"product-type-simple"},"jetpack_sharing_enabled":true,"_links":{"self":[{"href":"https:\/\/saintplushie.com\/fr\/wp-json\/wp\/v2\/product\/3374","targetHints":{"allow":["GET"]}}],"collection":[{"href":"https:\/\/saintplushie.com\/fr\/wp-json\/wp\/v2\/product"}],"about":[{"href":"https:\/\/saintplushie.com\/fr\/wp-json\/wp\/v2\/types\/product"}],"replies":[{"embeddable":true,"href":"https:\/\/saintplushie.com\/fr\/wp-json\/wp\/v2\/comments?post=3374"}],"wp:featuredmedia":[{"embeddable":true,"href":"https:\/\/saintplushie.com\/fr\/wp-json\/wp\/v2\/media\/2932"}],"wp:attachment":[{"href":"https:\/\/saintplushie.com\/fr\/wp-json\/wp\/v2\/media?parent=3374"}],"wp:term":[{"taxonomy":"product_brand","embeddable":true,"href":"https:\/\/saintplushie.com\/fr\/wp-json\/wp\/v2\/product_brand?post=3374"},{"taxonomy":"product_cat","embeddable":true,"href":"https:\/\/saintplushie.com\/fr\/wp-json\/wp\/v2\/product_cat?post=3374"},{"taxonomy":"product_tag","embeddable":true,"href":"https:\/\/saintplushie.com\/fr\/wp-json\/wp\/v2\/product_tag?post=3374"}],"curies":[{"name":"wp","href":"https:\/\/api.w.org\/{rel}","templated":true}]}}