{"id":3372,"date":"2026-03-03T20:54:37","date_gmt":"2026-03-03T20:54:37","guid":{"rendered":"https:\/\/saintplushie.com\/shop\/la-sainte-famille-coffret-de-depart\/"},"modified":"2026-03-03T20:54:37","modified_gmt":"2026-03-03T20:54:37","slug":"la-sainte-famille-coffret-de-depart","status":"publish","type":"product","link":"https:\/\/saintplushie.com\/fr\/shop\/la-sainte-famille-coffret-de-depart\/","title":{"rendered":"La Sainte Famille &#8211; Coffret de d\u00e9part"},"content":{"rendered":"<p class=\"font-claude-response-body break-words whitespace-normal leading-[1.7]\">La collection compl\u00e8te de peluches Saint &#8211; tous les saints, tous les porte-cl\u00e9s, dans un seul et m\u00eame emballage. Parfait pour les familles, les parrains et marraines, ou tous ceux qui veulent offrir le cadeau de la foi. Comprend Saint Charbel, la Sainte Vierge Marie, ainsi que des porte-cl\u00e9s assortis pour emmener vos saints partout.  <\/p>\n","protected":false},"excerpt":{"rendered":"<p>La collection compl\u00e8te de peluches Saint &#8211; tous les saints, tous les porte-cl\u00e9s, dans un seul et m\u00eame emballage. Parfait pour les familles, les parrains et marraines, ou tous ceux qui veulent offrir le cadeau de la foi. Comprend Saint Charbel, la Sainte Vierge Marie, ainsi que des porte-cl\u00e9s assortis pour emmener vos saints partout.  <\/p>\n","protected":false},"featured_media":2958,"comment_status":"open","ping_status":"closed","template":"","meta":[],"product_brand":[],"product_cat":[60],"product_tag":[],"class_list":{"0":"post-3372","1":"product","2":"type-product","3":"status-publish","4":"has-post-thumbnail","6":"product_cat-bundles","8":"first","9":"onbackorder","10":"sale","11":"taxable","12":"shipping-taxable","13":"purchasable","14":"product-type-simple"},"jetpack_sharing_enabled":true,"_links":{"self":[{"href":"https:\/\/saintplushie.com\/fr\/wp-json\/wp\/v2\/product\/3372","targetHints":{"allow":["GET"]}}],"collection":[{"href":"https:\/\/saintplushie.com\/fr\/wp-json\/wp\/v2\/product"}],"about":[{"href":"https:\/\/saintplushie.com\/fr\/wp-json\/wp\/v2\/types\/product"}],"replies":[{"embeddable":true,"href":"https:\/\/saintplushie.com\/fr\/wp-json\/wp\/v2\/comments?post=3372"}],"wp:featuredmedia":[{"embeddable":true,"href":"https:\/\/saintplushie.com\/fr\/wp-json\/wp\/v2\/media\/2958"}],"wp:attachment":[{"href":"https:\/\/saintplushie.com\/fr\/wp-json\/wp\/v2\/media?parent=3372"}],"wp:term":[{"taxonomy":"product_brand","embeddable":true,"href":"https:\/\/saintplushie.com\/fr\/wp-json\/wp\/v2\/product_brand?post=3372"},{"taxonomy":"product_cat","embeddable":true,"href":"https:\/\/saintplushie.com\/fr\/wp-json\/wp\/v2\/product_cat?post=3372"},{"taxonomy":"product_tag","embeddable":true,"href":"https:\/\/saintplushie.com\/fr\/wp-json\/wp\/v2\/product_tag?post=3372"}],"curies":[{"name":"wp","href":"https:\/\/api.w.org\/{rel}","templated":true}]}}