{"id":3369,"date":"2026-03-03T20:42:36","date_gmt":"2026-03-03T20:42:36","guid":{"rendered":"https:\/\/saintplushie.com\/shop\/la-paire-de-saints\/"},"modified":"2026-03-03T20:42:36","modified_gmt":"2026-03-03T20:42:36","slug":"la-paire-de-saints","status":"publish","type":"product","link":"https:\/\/saintplushie.com\/fr\/shop\/la-paire-de-saints\/","title":{"rendered":"La paire de saints"},"content":{"rendered":"<p>Un pour chaque enfant &#8211; ou un \u00e0 serrer dans ses bras et un \u00e0 partager. Ramenez \u00e0 la maison Saint Charbel et la Sainte Vierge Marie, et commencez la collection de saints de votre famille. <\/p>\n","protected":false},"excerpt":{"rendered":"<p>Un pour chaque enfant &#8211; ou un \u00e0 serrer dans ses bras et un \u00e0 partager. Ramenez \u00e0 la maison Saint Charbel et la Sainte Vierge Marie, et commencez la collection de saints de votre famille. <\/p>\n","protected":false},"featured_media":2967,"comment_status":"open","ping_status":"closed","template":"","meta":[],"product_brand":[],"product_cat":[60],"product_tag":[],"class_list":{"0":"post-3369","1":"product","2":"type-product","3":"status-publish","4":"has-post-thumbnail","6":"product_cat-bundles","8":"first","9":"onbackorder","10":"sale","11":"taxable","12":"shipping-taxable","13":"purchasable","14":"product-type-simple"},"jetpack_sharing_enabled":true,"_links":{"self":[{"href":"https:\/\/saintplushie.com\/fr\/wp-json\/wp\/v2\/product\/3369","targetHints":{"allow":["GET"]}}],"collection":[{"href":"https:\/\/saintplushie.com\/fr\/wp-json\/wp\/v2\/product"}],"about":[{"href":"https:\/\/saintplushie.com\/fr\/wp-json\/wp\/v2\/types\/product"}],"replies":[{"embeddable":true,"href":"https:\/\/saintplushie.com\/fr\/wp-json\/wp\/v2\/comments?post=3369"}],"wp:featuredmedia":[{"embeddable":true,"href":"https:\/\/saintplushie.com\/fr\/wp-json\/wp\/v2\/media\/2967"}],"wp:attachment":[{"href":"https:\/\/saintplushie.com\/fr\/wp-json\/wp\/v2\/media?parent=3369"}],"wp:term":[{"taxonomy":"product_brand","embeddable":true,"href":"https:\/\/saintplushie.com\/fr\/wp-json\/wp\/v2\/product_brand?post=3369"},{"taxonomy":"product_cat","embeddable":true,"href":"https:\/\/saintplushie.com\/fr\/wp-json\/wp\/v2\/product_cat?post=3369"},{"taxonomy":"product_tag","embeddable":true,"href":"https:\/\/saintplushie.com\/fr\/wp-json\/wp\/v2\/product_tag?post=3369"}],"curies":[{"name":"wp","href":"https:\/\/api.w.org\/{rel}","templated":true}]}}