{"id":3366,"date":"2026-03-03T19:42:30","date_gmt":"2026-03-03T19:42:30","guid":{"rendered":"https:\/\/saintplushie.com\/shop\/saint-sidekick-set-vierge-marie\/"},"modified":"2026-03-03T19:42:30","modified_gmt":"2026-03-03T19:42:30","slug":"saint-sidekick-set-vierge-marie","status":"publish","type":"product","link":"https:\/\/saintplushie.com\/fr\/shop\/saint-sidekick-set-vierge-marie\/","title":{"rendered":"Saint &amp; Sidekick &#8211; Set Vierge Marie"},"content":{"rendered":"<p>Emmenez la Sainte Vierge Marie partout. La peluche reste \u00e0 la maison pour les pri\u00e8res du soir. Le porte-cl\u00e9s s&rsquo;accroche aux sacs \u00e0 dos, aux sacs \u00e0 langer et aux cl\u00e9s de voiture &#8211; un petit rappel de la foi partout o\u00f9 votre famille va.  <\/p>\n","protected":false},"excerpt":{"rendered":"<p>Emmenez la Sainte Vierge Marie partout. La peluche reste \u00e0 la maison pour les pri\u00e8res du soir. Le porte-cl\u00e9s s&rsquo;accroche aux sacs \u00e0 dos, aux sacs \u00e0 langer et aux cl\u00e9s de voiture &#8211; un petit rappel de la foi partout o\u00f9 votre famille va.  <\/p>\n","protected":false},"featured_media":2960,"comment_status":"open","ping_status":"closed","template":"","meta":[],"product_brand":[],"product_cat":[60],"product_tag":[],"class_list":{"0":"post-3366","1":"product","2":"type-product","3":"status-publish","4":"has-post-thumbnail","6":"product_cat-bundles","8":"first","9":"onbackorder","10":"sale","11":"taxable","12":"shipping-taxable","13":"purchasable","14":"product-type-simple"},"jetpack_sharing_enabled":true,"_links":{"self":[{"href":"https:\/\/saintplushie.com\/fr\/wp-json\/wp\/v2\/product\/3366","targetHints":{"allow":["GET"]}}],"collection":[{"href":"https:\/\/saintplushie.com\/fr\/wp-json\/wp\/v2\/product"}],"about":[{"href":"https:\/\/saintplushie.com\/fr\/wp-json\/wp\/v2\/types\/product"}],"replies":[{"embeddable":true,"href":"https:\/\/saintplushie.com\/fr\/wp-json\/wp\/v2\/comments?post=3366"}],"wp:featuredmedia":[{"embeddable":true,"href":"https:\/\/saintplushie.com\/fr\/wp-json\/wp\/v2\/media\/2960"}],"wp:attachment":[{"href":"https:\/\/saintplushie.com\/fr\/wp-json\/wp\/v2\/media?parent=3366"}],"wp:term":[{"taxonomy":"product_brand","embeddable":true,"href":"https:\/\/saintplushie.com\/fr\/wp-json\/wp\/v2\/product_brand?post=3366"},{"taxonomy":"product_cat","embeddable":true,"href":"https:\/\/saintplushie.com\/fr\/wp-json\/wp\/v2\/product_cat?post=3366"},{"taxonomy":"product_tag","embeddable":true,"href":"https:\/\/saintplushie.com\/fr\/wp-json\/wp\/v2\/product_tag?post=3366"}],"curies":[{"name":"wp","href":"https:\/\/api.w.org\/{rel}","templated":true}]}}