{"id":3364,"date":"2026-03-03T18:47:58","date_gmt":"2026-03-03T18:47:58","guid":{"rendered":"https:\/\/saintplushie.com\/shop\/saint-sidekick-saint-charbel-set\/"},"modified":"2026-03-03T18:47:58","modified_gmt":"2026-03-03T18:47:58","slug":"saint-sidekick-saint-charbel-set","status":"publish","type":"product","link":"https:\/\/saintplushie.com\/fr\/shop\/saint-sidekick-saint-charbel-set\/","title":{"rendered":"Saint &amp; Sidekick &#8211; Saint Charbel Set"},"content":{"rendered":"<p>\u00ab\u00a0Ayez Saint Charbel et J\u00e9sus partout. La peluche reste \u00e0 la maison pour les pri\u00e8res du soir. Le porte-cl\u00e9s se glisse dans les sacs \u00e0 dos, les sacs \u00e0 langer et les cl\u00e9s de voiture &#8211; un petit rappel de la foi partout o\u00f9 vous ou votre famille vous rendez.<\/p>\n","protected":false},"excerpt":{"rendered":"<p>\u00ab\u00a0Ayez Saint Charbel et J\u00e9sus partout. La peluche reste \u00e0 la maison pour les pri\u00e8res du soir. Le porte-cl\u00e9s se glisse dans les sacs \u00e0 dos, les sacs \u00e0 langer et les cl\u00e9s de voiture &#8211; un petit rappel de la foi partout o\u00f9 vous ou votre famille vous rendez.<\/p>\n","protected":false},"featured_media":2964,"comment_status":"open","ping_status":"closed","template":"","meta":[],"product_brand":[],"product_cat":[60],"product_tag":[],"class_list":{"0":"post-3364","1":"product","2":"type-product","3":"status-publish","4":"has-post-thumbnail","6":"product_cat-bundles","8":"first","9":"onbackorder","10":"sale","11":"taxable","12":"shipping-taxable","13":"purchasable","14":"product-type-simple"},"jetpack_sharing_enabled":true,"_links":{"self":[{"href":"https:\/\/saintplushie.com\/fr\/wp-json\/wp\/v2\/product\/3364","targetHints":{"allow":["GET"]}}],"collection":[{"href":"https:\/\/saintplushie.com\/fr\/wp-json\/wp\/v2\/product"}],"about":[{"href":"https:\/\/saintplushie.com\/fr\/wp-json\/wp\/v2\/types\/product"}],"replies":[{"embeddable":true,"href":"https:\/\/saintplushie.com\/fr\/wp-json\/wp\/v2\/comments?post=3364"}],"wp:featuredmedia":[{"embeddable":true,"href":"https:\/\/saintplushie.com\/fr\/wp-json\/wp\/v2\/media\/2964"}],"wp:attachment":[{"href":"https:\/\/saintplushie.com\/fr\/wp-json\/wp\/v2\/media?parent=3364"}],"wp:term":[{"taxonomy":"product_brand","embeddable":true,"href":"https:\/\/saintplushie.com\/fr\/wp-json\/wp\/v2\/product_brand?post=3364"},{"taxonomy":"product_cat","embeddable":true,"href":"https:\/\/saintplushie.com\/fr\/wp-json\/wp\/v2\/product_cat?post=3364"},{"taxonomy":"product_tag","embeddable":true,"href":"https:\/\/saintplushie.com\/fr\/wp-json\/wp\/v2\/product_tag?post=3364"}],"curies":[{"name":"wp","href":"https:\/\/api.w.org\/{rel}","templated":true}]}}