{"id":1829,"date":"2026-01-06T17:39:09","date_gmt":"2026-01-06T17:39:09","guid":{"rendered":"https:\/\/saintplushie.com\/shop\/saint-charbel\/"},"modified":"2026-04-02T17:31:35","modified_gmt":"2026-04-02T17:31:35","slug":"saint-charbel","status":"publish","type":"product","link":"https:\/\/saintplushie.com\/fr\/shop\/saint-charbel\/","title":{"rendered":"Saint Charbel"},"content":{"rendered":"<p class=\"p1\"><b>Saint Charbel Makhlouf &#8211; L&rsquo;ermite du Liban<\/b><\/p>\n<p class=\"p1\">Un compagnon doux et c\u00e2lin pour aider votre enfant \u00e0 se rapprocher de l&rsquo;un des saints les plus aim\u00e9s de la communaut\u00e9 maronite.<\/p>\n<p class=\"p1\">\u00c9glise.<\/p>\n<p class=\"p1\">Saint Charbel a pass\u00e9 23 ans dans la pri\u00e8re et la solitude dans les montagnes du Liban. Aujourd&rsquo;hui, son intercession est <\/p>\n<p class=\"p1\">Le Saint Charbel est un symbole de l&rsquo;humanit\u00e9, recherch\u00e9 par des millions de personnes dans le monde entier. Aujourd&rsquo;hui, votre enfant peut tenir son propre Saint Charbel,<\/p>\n<p class=\"p1\">et de s&rsquo;en inspirer.<\/p>\n<p class=\"p1\"><b>Pourquoi les familles aiment cette peluche :<\/b><\/p>\n<p class=\"p1\">Des mat\u00e9riaux doux et s\u00fbrs pour les enfants, parfaits pour faire des c\u00e2lins, dormir avec eux et les emmener partout.<\/p>\n<p class=\"p1\">Des d\u00e9tails bien pens\u00e9s qui honorent la tradition monastique maronite de Saint Charbel<\/p>\n<p class=\"p1\">Une alternative int\u00e9ressante aux animaux en peluche ordinaires &#8211; il s&rsquo;agit d&rsquo;un outil de formation \u00e0 la foi.<\/p>\n<p class=\"p1\">Qualit\u00e9 test\u00e9e par une soci\u00e9t\u00e9 tierce pour la s\u00e9curit\u00e9 et la<b>durabilit\u00e9Cadeau<\/b> parfait<b>pour :<\/b> Bapt\u00eame, premi\u00e8re communion, f\u00eate de Saint Charbel (24 juillet), No\u00ebl, ou tout autre moment o\u00f9 vous avez besoin d&rsquo;aide.<\/p>\n<p class=\"p1\">vous voulez partager la foi avec un enfant que vous aimez.<\/p>\n<p class=\"p1\"><b>Sp\u00e9cifications :<\/b><\/p>\n<p class=\"p1\">Mati\u00e8re : Tissu doux et pelucheux<\/p>\n<p class=\"p1\">Convient pour les 3 ans et plus<\/p>\n<p class=\"p1\">Lavable en surface<\/p>\n","protected":false},"excerpt":{"rendered":"<p class=\"p1\"><b>Saint Charbel Makhlouf &#8211; L&rsquo;ermite du Liban<\/b><\/p>\n<p class=\"p1\">Un compagnon doux et c\u00e2lin pour aider votre enfant \u00e0 se rapprocher de l&rsquo;un des saints les plus aim\u00e9s de la communaut\u00e9 maronite.<\/p>\n<p class=\"p1\">\u00c9glise.<\/p>\n<p class=\"p1\">Saint Charbel a pass\u00e9 23 ans dans la pri\u00e8re et la solitude dans les montagnes du Liban. Aujourd&rsquo;hui, son intercession est <\/p>\n<p class=\"p1\">Le Saint Charbel est un symbole de l&rsquo;humanit\u00e9, recherch\u00e9 par des millions de personnes dans le monde entier. Aujourd&rsquo;hui, votre enfant peut tenir son propre Saint Charbel,<\/p>\n<p class=\"p1\">et de s&rsquo;en inspirer.<\/p>\n<p class=\"p1\"><b>Pourquoi les familles aiment cette peluche :<\/b><\/p>\n<p class=\"p1\">Des mat\u00e9riaux doux et s\u00fbrs pour les enfants, parfaits pour faire des c\u00e2lins, dormir avec eux et les emmener partout.<\/p>\n<p class=\"p1\">Des d\u00e9tails bien pens\u00e9s qui honorent la tradition monastique maronite de Saint Charbel<\/p>\n<p class=\"p1\">Une alternative int\u00e9ressante aux animaux en peluche ordinaires &#8211; il s&rsquo;agit d&rsquo;un outil de formation \u00e0 la foi.<\/p>\n<p class=\"p1\">Qualit\u00e9 test\u00e9e par une soci\u00e9t\u00e9 tierce pour la s\u00e9curit\u00e9 et la<b>durabilit\u00e9Cadeau<\/b> parfait<b>pour :<\/b> Bapt\u00eame, premi\u00e8re communion, f\u00eate de Saint Charbel (24 juillet), No\u00ebl, ou tout autre moment o\u00f9 vous avez besoin d&rsquo;aide.<\/p>\n<p class=\"p1\">vous voulez partager la foi avec un enfant que vous aimez.<\/p>\n<p class=\"p1\"><b>Sp\u00e9cifications :<\/b><\/p>\n<p class=\"p1\">Mati\u00e8re : Tissu doux et pelucheux<\/p>\n<p class=\"p1\">Convient pour les 3 ans et plus<\/p>\n<p class=\"p1\">Lavable en surface<\/p>\n","protected":false},"featured_media":2951,"comment_status":"open","ping_status":"closed","template":"","meta":[],"product_brand":[],"product_cat":[41],"product_tag":[],"class_list":{"0":"post-1829","1":"product","2":"type-product","3":"status-publish","4":"has-post-thumbnail","6":"product_cat-peluches","8":"first","9":"onbackorder","10":"taxable","11":"shipping-taxable","12":"purchasable","13":"product-type-simple"},"jetpack_sharing_enabled":true,"_links":{"self":[{"href":"https:\/\/saintplushie.com\/fr\/wp-json\/wp\/v2\/product\/1829","targetHints":{"allow":["GET"]}}],"collection":[{"href":"https:\/\/saintplushie.com\/fr\/wp-json\/wp\/v2\/product"}],"about":[{"href":"https:\/\/saintplushie.com\/fr\/wp-json\/wp\/v2\/types\/product"}],"replies":[{"embeddable":true,"href":"https:\/\/saintplushie.com\/fr\/wp-json\/wp\/v2\/comments?post=1829"}],"wp:featuredmedia":[{"embeddable":true,"href":"https:\/\/saintplushie.com\/fr\/wp-json\/wp\/v2\/media\/2951"}],"wp:attachment":[{"href":"https:\/\/saintplushie.com\/fr\/wp-json\/wp\/v2\/media?parent=1829"}],"wp:term":[{"taxonomy":"product_brand","embeddable":true,"href":"https:\/\/saintplushie.com\/fr\/wp-json\/wp\/v2\/product_brand?post=1829"},{"taxonomy":"product_cat","embeddable":true,"href":"https:\/\/saintplushie.com\/fr\/wp-json\/wp\/v2\/product_cat?post=1829"},{"taxonomy":"product_tag","embeddable":true,"href":"https:\/\/saintplushie.com\/fr\/wp-json\/wp\/v2\/product_tag?post=1829"}],"curies":[{"name":"wp","href":"https:\/\/api.w.org\/{rel}","templated":true}]}}