{"id":1822,"date":"2026-01-06T17:40:33","date_gmt":"2026-01-06T17:40:33","guid":{"rendered":"https:\/\/saintplushie.com\/shop\/sainte-marie-2\/"},"modified":"2026-04-02T17:30:33","modified_gmt":"2026-04-02T17:30:33","slug":"sainte-marie-2","status":"publish","type":"product","link":"https:\/\/saintplushie.com\/fr\/shop\/sainte-marie-2\/","title":{"rendered":"Sainte Marie"},"content":{"rendered":"<p class=\"p1\"><b>La Bienheureuse Vierge Marie &#8211; M\u00e8re de la Gr\u00e2ce<\/b><\/p>\n<p class=\"p1\">Un compagnon doux et c\u00e2lin pour aider votre enfant \u00e0 d\u00e9velopper un amour tendre pour notre Sainte M\u00e8re d\u00e8s le premier jour.<\/p>\n<p class=\"p1\">ann\u00e9es de vie.<\/p>\n<p class=\"p1\">Les enfants apprennent la d\u00e9votion \u00e0 travers ce qu&rsquo;ils peuvent voir, toucher et tenir. Cette peluche fait entrer Marie dans la vie de votre enfant. <\/p>\n<p class=\"p1\">Il s&rsquo;agit d&rsquo;un livre qui s&rsquo;adresse \u00e0 l&rsquo;enfant dans son monde quotidien &#8211; \u00e0 l&rsquo;heure du coucher, pendant la r\u00e9cr\u00e9ation et dans les moments de pri\u00e8re silencieux. Il est con\u00e7u pour \u00eatre le premier livre de l&rsquo;enfant. <\/p>\n<p class=\"p1\">introduction \u00e0 celui qui a dit \u00ab\u00a0oui\u00a0\u00bb \u00e0 Dieu et qui a chang\u00e9 le monde.<\/p>\n<p class=\"p1\"><b>Pourquoi les familles aiment cette peluche :<\/b><\/p>\n<p class=\"p1\">Mat\u00e9riaux doux et s\u00fbrs pour les enfants, parfaits pour les c\u00e2lins, les caresses et le sommeil.<\/p>\n<p class=\"p1\">Con\u00e7ue avec soin et d\u00e9votion pour honorer Notre-Dame<\/p>\n<p class=\"p1\">Plus qu&rsquo;un jouet &#8211; une mani\u00e8re douce de planter les graines de la d\u00e9votion mariale<\/p>\n<p class=\"p1\">Qualit\u00e9 test\u00e9e par une soci\u00e9t\u00e9 tierce pour la s\u00e9curit\u00e9 et la durabilit\u00e9<\/p>\n<p class=\"p1\"><b>Cadeau id\u00e9al pour :<\/b> Bapt\u00eame, premi\u00e8re communion, f\u00eates mariales, mai (mois de Marie), No\u00ebl, ou tout autre \u00e9v\u00e9nement.<\/p>\n<p class=\"p1\">occasion lorsque vous souhaitez partager la beaut\u00e9 de notre foi.<\/p>\n<p class=\"p1\"><b>Sp\u00e9cifications :<\/b><\/p>\n<p class=\"p1\">Mati\u00e8re : Tissu doux et pelucheux<\/p>\n<p class=\"p1\">Convient pour les 3 ans et plusLa surface est lavable<\/p>\n","protected":false},"excerpt":{"rendered":"<p>Ramenez la M\u00e8re de Dieu \u00e0 la maison avec cette adorable peluche Notre-Dame de Marie ! Mesurant 26 cm et fabriqu\u00e9e en polyester doux de haute qualit\u00e9, cette peluche est parfaite pour les d\u00e9vots de tous \u00e2ges. Un cadeau significatif pour les premi\u00e8res communions, les bapt\u00eames ou toute autre occasion de foi &#8211; et chaque achat soutient les enfants dans le besoin !  <\/p>\n","protected":false},"featured_media":2948,"comment_status":"open","ping_status":"closed","template":"","meta":[],"product_brand":[],"product_cat":[41],"product_tag":[],"class_list":{"0":"post-1822","1":"product","2":"type-product","3":"status-publish","4":"has-post-thumbnail","6":"product_cat-peluches","8":"first","9":"onbackorder","10":"taxable","11":"shipping-taxable","12":"purchasable","13":"product-type-simple"},"jetpack_sharing_enabled":true,"_links":{"self":[{"href":"https:\/\/saintplushie.com\/fr\/wp-json\/wp\/v2\/product\/1822","targetHints":{"allow":["GET"]}}],"collection":[{"href":"https:\/\/saintplushie.com\/fr\/wp-json\/wp\/v2\/product"}],"about":[{"href":"https:\/\/saintplushie.com\/fr\/wp-json\/wp\/v2\/types\/product"}],"replies":[{"embeddable":true,"href":"https:\/\/saintplushie.com\/fr\/wp-json\/wp\/v2\/comments?post=1822"}],"wp:featuredmedia":[{"embeddable":true,"href":"https:\/\/saintplushie.com\/fr\/wp-json\/wp\/v2\/media\/2948"}],"wp:attachment":[{"href":"https:\/\/saintplushie.com\/fr\/wp-json\/wp\/v2\/media?parent=1822"}],"wp:term":[{"taxonomy":"product_brand","embeddable":true,"href":"https:\/\/saintplushie.com\/fr\/wp-json\/wp\/v2\/product_brand?post=1822"},{"taxonomy":"product_cat","embeddable":true,"href":"https:\/\/saintplushie.com\/fr\/wp-json\/wp\/v2\/product_cat?post=1822"},{"taxonomy":"product_tag","embeddable":true,"href":"https:\/\/saintplushie.com\/fr\/wp-json\/wp\/v2\/product_tag?post=1822"}],"curies":[{"name":"wp","href":"https:\/\/api.w.org\/{rel}","templated":true}]}}