{"id":1821,"date":"2026-01-06T17:42:19","date_gmt":"2026-01-06T17:42:19","guid":{"rendered":"https:\/\/saintplushie.com\/shop\/sainte-marie\/"},"modified":"2026-04-02T16:19:36","modified_gmt":"2026-04-02T16:19:36","slug":"sainte-marie","status":"publish","type":"product","link":"https:\/\/saintplushie.com\/fr\/shop\/sainte-marie\/","title":{"rendered":"Sainte Marie"},"content":{"rendered":"","protected":false},"excerpt":{"rendered":"<div data-test-render-count=\"1\">\n<div class=\"group\">\n<div class=\"contents\">\n<div class=\"group relative relative pb-3\" data-is-streaming=\"false\">\n<div class=\"font-claude-response relative leading-[1.65rem] [&amp;_pre&gt;div]:bg-bg-000\/50 [&amp;_pre&gt;div]:border-0.5 [&amp;_pre&gt;div]:border-border-400 [&amp;_.ignore-pre-bg&gt;div]:bg-transparent [&amp;_.standard-markdown_:is(p,blockquote,h1,h2,h3,h4,h5,h6)]:pl-2 [&amp;_.standard-markdown_:is(p,blockquote,ul,ol,h1,h2,h3,h4,h5,h6)]:pr-8 [&amp;_.progressive-markdown_:is(p,blockquote,h1,h2,h3,h4,h5,h6)]:pl-2 [&amp;_.progressive-markdown_:is(p,blockquote,ul,ol,h1,h2,h3,h4,h5,h6)]:pr-8\">\n<div>\n<div class=\"standard-markdown grid-cols-1 grid [&amp;_&gt;_*]:min-w-0 gap-3 standard-markdown\">\n<p class=\"font-claude-response-body break-words whitespace-normal leading-[1.7]\"><strong>Notre Dame Marie &#8211; Toujours \u00e0 vos c\u00f4t\u00e9s<\/strong><\/p>\n<p class=\"font-claude-response-body break-words whitespace-normal leading-[1.7]\">Un doux rappel de son intercession, port\u00e9 avec vous \u00e0 chaque \u00e9tape du chemin.<\/p>\n<p class=\"font-claude-response-body break-words whitespace-normal leading-[1.7]\">Marie a accompagn\u00e9 J\u00e9sus \u00e0 chaque instant de sa vie &#8211; et elle nous accompagne \u00e9galement. Ce porte-cl\u00e9s Notre Dame Marie est une belle fa\u00e7on de la garder pr\u00e8s de vous tout au long de la journ\u00e9e, que ce soit sur vos cl\u00e9s, dans votre sac ou comme cadeau \u00e0 une personne ch\u00e8re \u00e0 votre c\u0153ur. <\/p>\n<p class=\"font-claude-response-body break-words whitespace-normal leading-[1.7]\">Pourquoi les gens aiment ce porte-cl\u00e9s :<\/p>\n<ul class=\"[li_&amp;]:mb-0 [li_&amp;]:mt-1 [li_&amp;]:gap-1 [&amp;:not(:last-child)_ul]:pb-1 [&amp;:not(:last-child)_ol]:pb-1 list-disc flex flex-col gap-1 pl-8 mb-3\">\n<li class=\"whitespace-normal break-words pl-2\">Caoutchouc durable, de haute qualit\u00e9, con\u00e7u pour durer au quotidien<\/li>\n<li class=\"whitespace-normal break-words pl-2\">Conception compacte de 40 mm &#8211; l\u00e9g\u00e8re et discr\u00e8te<\/li>\n<li class=\"whitespace-normal break-words pl-2\">Un cadeau plein de sens et de foi pour toutes les occasions<\/li>\n<li class=\"whitespace-normal break-words pl-2\">Fabriqu\u00e9 avec soin pour honorer la Vierge avec amour et d\u00e9votion.<\/li>\n<\/ul>\n<p class=\"font-claude-response-body break-words whitespace-normal leading-[1.7]\">Cadeau id\u00e9al pour : Premi\u00e8res communions, confirmations, f\u00eates mariales, mai (mois de Marie), No\u00ebl, P\u00e2ques, anniversaires, ou toute autre occasion o\u00f9 vous souhaitez partager un petit t\u00e9moignage de foi.<\/p>\n<p class=\"font-claude-response-body break-words whitespace-normal leading-[1.7]\"><strong>Sp\u00e9cifications :<\/strong> Mat\u00e9riau : Caoutchouc de haute qualit\u00e9 Taille : 40mm Convient \u00e0 tous les \u00e2ges Chaque porte-cl\u00e9s est soigneusement inspect\u00e9 avant d&rsquo;\u00eatre exp\u00e9di\u00e9.<\/p>\n<\/div>\n<\/div>\n<\/div>\n<\/div>\n<\/div>\n<div class=\"flex justify-start\" role=\"group\" aria-label=\"Message actions\">\n<div class=\"text-text-300\">\n<div class=\"text-text-300 flex items-stretch justify-between\">\n<div class=\"w-fit\" data-state=\"closed\">\n<div class=\"relative text-text-500 group-hover\/btn:text-text-100\">\n<div class=\"transition-all opacity-100 scale-100\"><\/div>\n<div class=\"absolute top-0 left-0 transition-all opacity-0 scale-50\"><\/div>\n<\/div>\n<\/div>\n<div class=\"w-fit\" data-state=\"closed\">\n<div class=\"text-text-500 group-hover\/btn:text-text-100\"><\/div>\n<\/div>\n<div class=\"w-fit\" data-state=\"closed\">\n<div class=\"text-text-500 group-hover\/btn:text-text-100\"><\/div>\n<\/div>\n<div class=\"flex items-center\">\n<div class=\"w-fit\" data-state=\"closed\">\n<div class=\"text-text-500 group-hover\/btn:text-text-100\"><\/div>\n<\/div>\n<\/div>\n<\/div>\n<\/div>\n<\/div>\n<\/div>\n<\/div>\n<div class=\"h-px w-full pointer-events-none\" aria-hidden=\"true\"><\/div>\n<div>\n<div class=\"ml-1 flex items-center transition-transform duration-300 ease-out mt-6\">\n<div class=\"p-1 -translate-x-px\">\n<div aria-hidden=\"true\">\n<div class=\"w-8 text-accent-brand inline-block select-none\" data-state=\"closed\"><\/div>\n<\/div>\n<\/div>\n<\/div>\n<\/div>\n<div class=\"h-12\"><\/div>\n","protected":false},"featured_media":2954,"comment_status":"open","ping_status":"closed","template":"","meta":[],"product_brand":[],"product_cat":[39],"product_tag":[],"class_list":{"0":"post-1821","1":"product","2":"type-product","3":"status-publish","4":"has-post-thumbnail","6":"product_cat-porte-cles","8":"first","9":"onbackorder","10":"taxable","11":"shipping-taxable","12":"purchasable","13":"product-type-simple"},"jetpack_sharing_enabled":true,"_links":{"self":[{"href":"https:\/\/saintplushie.com\/fr\/wp-json\/wp\/v2\/product\/1821","targetHints":{"allow":["GET"]}}],"collection":[{"href":"https:\/\/saintplushie.com\/fr\/wp-json\/wp\/v2\/product"}],"about":[{"href":"https:\/\/saintplushie.com\/fr\/wp-json\/wp\/v2\/types\/product"}],"replies":[{"embeddable":true,"href":"https:\/\/saintplushie.com\/fr\/wp-json\/wp\/v2\/comments?post=1821"}],"wp:featuredmedia":[{"embeddable":true,"href":"https:\/\/saintplushie.com\/fr\/wp-json\/wp\/v2\/media\/2954"}],"wp:attachment":[{"href":"https:\/\/saintplushie.com\/fr\/wp-json\/wp\/v2\/media?parent=1821"}],"wp:term":[{"taxonomy":"product_brand","embeddable":true,"href":"https:\/\/saintplushie.com\/fr\/wp-json\/wp\/v2\/product_brand?post=1821"},{"taxonomy":"product_cat","embeddable":true,"href":"https:\/\/saintplushie.com\/fr\/wp-json\/wp\/v2\/product_cat?post=1821"},{"taxonomy":"product_tag","embeddable":true,"href":"https:\/\/saintplushie.com\/fr\/wp-json\/wp\/v2\/product_tag?post=1821"}],"curies":[{"name":"wp","href":"https:\/\/api.w.org\/{rel}","templated":true}]}}