{"id":1811,"date":"2026-01-06T17:41:17","date_gmt":"2026-01-06T17:41:17","guid":{"rendered":"https:\/\/saintplushie.com\/shop\/jesus\/"},"modified":"2026-04-02T16:18:23","modified_gmt":"2026-04-02T16:18:23","slug":"jesus","status":"publish","type":"product","link":"https:\/\/saintplushie.com\/fr\/shop\/jesus\/","title":{"rendered":"J\u00e9sus"},"content":{"rendered":"<p class=\"font-claude-response-body break-words whitespace-normal leading-[1.7]\"><strong>Le Seigneur J\u00e9sus-Christ &#8211; Toujours avec vous<\/strong><\/p>\n<p class=\"font-claude-response-body break-words whitespace-normal leading-[1.7]\">Un petit mais puissant rappel de sa pr\u00e9sence, o\u00f9 que vous alliez.<\/p>\n<p class=\"font-claude-response-body break-words whitespace-normal leading-[1.7]\">La foi ne reste pas \u00e0 l&rsquo;\u00e9glise &#8211; elle voyage avec vous. Ce porte-cl\u00e9s J\u00e9sus est con\u00e7u pour garder le Christ pr\u00e8s de vous tout au long de votre vie quotidienne, que ce soit sur vos cl\u00e9s, votre sac ou comme cadeau \u00e0 quelqu&rsquo;un que vous aimez. <\/p>\n<p class=\"font-claude-response-body break-words whitespace-normal leading-[1.7]\">Pourquoi les gens aiment ce porte-cl\u00e9s :<\/p>\n<ul class=\"[li_&amp;]:mb-0 [li_&amp;]:mt-1 [li_&amp;]:gap-1 [&amp;:not(:last-child)_ul]:pb-1 [&amp;:not(:last-child)_ol]:pb-1 list-disc flex flex-col gap-1 pl-8 mb-3\">\n<li class=\"whitespace-normal break-words pl-2\">Caoutchouc durable, de haute qualit\u00e9, con\u00e7u pour durer au quotidien<\/li>\n<li class=\"whitespace-normal break-words pl-2\">Conception compacte de 40 mm &#8211; l\u00e9g\u00e8re et discr\u00e8te<\/li>\n<li class=\"whitespace-normal break-words pl-2\">Un d\u00e9but de conversation significatif sur la foi<\/li>\n<li class=\"whitespace-normal break-words pl-2\">Con\u00e7ue pour honorer dignement notre Seigneur<\/li>\n<\/ul>\n<p class=\"font-claude-response-body break-words whitespace-normal leading-[1.7]\">Cadeau id\u00e9al pour : Confirmations, premi\u00e8res communions, No\u00ebl, P\u00e2ques, anniversaires, ou toute autre occasion o\u00f9 vous souhaitez partager un petit t\u00e9moignage de foi.<\/p>\n<p class=\"font-claude-response-body break-words whitespace-normal leading-[1.7]\"><strong>Sp\u00e9cifications :<\/strong> Mat\u00e9riau : Caoutchouc de haute qualit\u00e9 Taille : 40mm Convient \u00e0 tous les \u00e2ges Chaque porte-cl\u00e9s est soigneusement inspect\u00e9 avant d&rsquo;\u00eatre exp\u00e9di\u00e9.<\/p>\n","protected":false},"excerpt":{"rendered":"<p>Portez le Fils de Dieu partout o\u00f9 vous allez avec ce charmant porte-cl\u00e9s J\u00e9sus ! Mesurant 40 mm et fabriqu\u00e9 en caoutchouc durable de haute qualit\u00e9, ce petit morceau de foi est parfait pour vos cl\u00e9s, votre sac ou votre sac \u00e0 dos. Un cadeau sinc\u00e8re pour toutes les occasions &#8211; et chaque achat permet de soutenir les enfants dans le besoin !  <\/p>\n","protected":false},"featured_media":2945,"comment_status":"open","ping_status":"closed","template":"","meta":[],"product_brand":[],"product_cat":[39],"product_tag":[],"class_list":{"0":"post-1811","1":"product","2":"type-product","3":"status-publish","4":"has-post-thumbnail","6":"product_cat-porte-cles","8":"first","9":"onbackorder","10":"taxable","11":"shipping-taxable","12":"purchasable","13":"product-type-simple"},"jetpack_sharing_enabled":true,"_links":{"self":[{"href":"https:\/\/saintplushie.com\/fr\/wp-json\/wp\/v2\/product\/1811","targetHints":{"allow":["GET"]}}],"collection":[{"href":"https:\/\/saintplushie.com\/fr\/wp-json\/wp\/v2\/product"}],"about":[{"href":"https:\/\/saintplushie.com\/fr\/wp-json\/wp\/v2\/types\/product"}],"replies":[{"embeddable":true,"href":"https:\/\/saintplushie.com\/fr\/wp-json\/wp\/v2\/comments?post=1811"}],"wp:featuredmedia":[{"embeddable":true,"href":"https:\/\/saintplushie.com\/fr\/wp-json\/wp\/v2\/media\/2945"}],"wp:attachment":[{"href":"https:\/\/saintplushie.com\/fr\/wp-json\/wp\/v2\/media?parent=1811"}],"wp:term":[{"taxonomy":"product_brand","embeddable":true,"href":"https:\/\/saintplushie.com\/fr\/wp-json\/wp\/v2\/product_brand?post=1811"},{"taxonomy":"product_cat","embeddable":true,"href":"https:\/\/saintplushie.com\/fr\/wp-json\/wp\/v2\/product_cat?post=1811"},{"taxonomy":"product_tag","embeddable":true,"href":"https:\/\/saintplushie.com\/fr\/wp-json\/wp\/v2\/product_tag?post=1811"}],"curies":[{"name":"wp","href":"https:\/\/api.w.org\/{rel}","templated":true}]}}