{"id":1949,"date":"2025-09-23T01:22:56","date_gmt":"2025-09-23T01:22:56","guid":{"rendered":"https:\/\/saintplushie.com\/la-mission\/"},"modified":"2026-02-16T21:45:06","modified_gmt":"2026-02-16T21:45:06","slug":"la-mission","status":"publish","type":"page","link":"https:\/\/saintplushie.com\/fr\/la-mission\/","title":{"rendered":"Mission"},"content":{"rendered":"<style>.elementor-1949 .elementor-element.elementor-element-0b44458{--display:flex;--min-height:879px;--flex-direction:column;--container-widget-width:100%;--container-widget-height:initial;--container-widget-flex-grow:0;--container-widget-align-self:initial;--flex-wrap-mobile:wrap;--padding-top:0px;--padding-bottom:0px;--padding-left:035px;--padding-right:35px;}.elementor-1949 .elementor-element.elementor-element-95beb8b{--display:flex;--min-height:439px;--flex-direction:row;--container-widget-width:initial;--container-widget-height:100%;--container-widget-flex-grow:1;--container-widget-align-self:stretch;--flex-wrap-mobile:wrap;--justify-content:space-between;}.elementor-widget-image .widget-image-caption{color:var( --e-global-color-text );font-family:var( --e-global-typography-text-font-family ), Sans-serif;font-weight:var( --e-global-typography-text-font-weight );}.elementor-1949 .elementor-element.elementor-element-ae7f48c img{width:1100px;max-width:100%;}.elementor-1949 .elementor-element.elementor-element-a6da270{--display:flex;--justify-content:space-evenly;}.elementor-widget-heading .elementor-heading-title{font-family:var( --e-global-typography-primary-font-family ), Sans-serif;font-weight:var( --e-global-typography-primary-font-weight );color:var( --e-global-color-primary );}.elementor-1949 .elementor-element.elementor-element-fd9ba67{text-align:start;}.elementor-1949 .elementor-element.elementor-element-fd9ba67 .elementor-heading-title{font-family:\"Chewy\", Sans-serif;font-size:53px;font-weight:400;color:#000000;}.elementor-widget-text-editor{font-family:var( --e-global-typography-text-font-family ), Sans-serif;font-weight:var( --e-global-typography-text-font-weight );color:var( --e-global-color-text );}.elementor-widget-text-editor.elementor-drop-cap-view-stacked .elementor-drop-cap{background-color:var( --e-global-color-primary );}.elementor-widget-text-editor.elementor-drop-cap-view-framed .elementor-drop-cap, .elementor-widget-text-editor.elementor-drop-cap-view-default .elementor-drop-cap{color:var( --e-global-color-primary );border-color:var( --e-global-color-primary );}.elementor-1949 .elementor-element.elementor-element-64d917e{font-family:\"DM Sans\", Sans-serif;font-size:18px;font-weight:500;color:#000000;}.elementor-widget-button .elementor-button{font-family:var( --e-global-typography-accent-font-family ), Sans-serif;font-weight:var( --e-global-typography-accent-font-weight );background-color:var( --e-global-color-accent );}.elementor-1949 .elementor-element.elementor-element-7d330ed .elementor-button{background-color:#2E99FD;}.elementor-1949 .elementor-element.elementor-element-5a14550{--display:flex;--min-height:439px;--flex-direction:row;--container-widget-width:initial;--container-widget-height:100%;--container-widget-flex-grow:1;--container-widget-align-self:stretch;--flex-wrap-mobile:wrap;--justify-content:space-between;}.elementor-1949 .elementor-element.elementor-element-8ac10a5{--display:flex;--justify-content:space-evenly;}.elementor-1949 .elementor-element.elementor-element-0683c7a{text-align:start;}.elementor-1949 .elementor-element.elementor-element-0683c7a .elementor-heading-title{font-family:\"Chewy\", Sans-serif;font-size:53px;font-weight:400;color:#000000;}.elementor-1949 .elementor-element.elementor-element-7a6a05e{font-family:\"DM Sans\", Sans-serif;font-size:18px;font-weight:500;color:#000000;}.elementor-1949 .elementor-element.elementor-element-278588b .elementor-button{background-color:#2E99FD;}.elementor-1949 .elementor-element.elementor-element-c645413 img{width:1100px;max-width:100%;}.elementor-1949 .elementor-element.elementor-element-de3e7cc{--display:flex;--min-height:439px;--flex-direction:row;--container-widget-width:initial;--container-widget-height:100%;--container-widget-flex-grow:1;--container-widget-align-self:stretch;--flex-wrap-mobile:wrap;--justify-content:space-between;}.elementor-1949 .elementor-element.elementor-element-dc3d39c img{width:1100px;max-width:100%;}.elementor-1949 .elementor-element.elementor-element-aebbd73{--display:flex;--justify-content:space-evenly;}.elementor-1949 .elementor-element.elementor-element-1e905ed{text-align:start;}.elementor-1949 .elementor-element.elementor-element-1e905ed .elementor-heading-title{font-family:\"Chewy\", Sans-serif;font-size:53px;font-weight:400;color:#000000;}.elementor-1949 .elementor-element.elementor-element-123bf14{font-family:\"DM Sans\", Sans-serif;font-size:18px;font-weight:500;color:#000000;}.elementor-1949 .elementor-element.elementor-element-2cd8084 .elementor-button{background-color:#2E99FD;}:root{--page-title-display:none;}@media(max-width:1024px){.elementor-1949 .elementor-element.elementor-element-ae7f48c img{width:556px;}.elementor-1949 .elementor-element.elementor-element-c645413 img{width:556px;}.elementor-1949 .elementor-element.elementor-element-dc3d39c img{width:556px;}}@media(min-width:768px){.elementor-1949 .elementor-element.elementor-element-0b44458{--content-width:100%;}.elementor-1949 .elementor-element.elementor-element-a6da270{--width:75%;}.elementor-1949 .elementor-element.elementor-element-8ac10a5{--width:75%;}.elementor-1949 .elementor-element.elementor-element-aebbd73{--width:75%;}}@media(max-width:767px){.elementor-1949 .elementor-element.elementor-element-0b44458{--margin-top:025px;--margin-bottom:0px;--margin-left:0px;--margin-right:0px;--padding-top:0px;--padding-bottom:0px;--padding-left:0px;--padding-right:0px;}.elementor-1949 .elementor-element.elementor-element-fd9ba67{text-align:center;}.elementor-1949 .elementor-element.elementor-element-64d917e{text-align:center;}.elementor-1949 .elementor-element.elementor-element-8ac10a5{--align-items:center;--container-widget-width:calc( ( 1 - var( --container-widget-flex-grow ) ) * 100% );}.elementor-1949 .elementor-element.elementor-element-0683c7a{text-align:center;}.elementor-1949 .elementor-element.elementor-element-7a6a05e{text-align:center;}.elementor-1949 .elementor-element.elementor-element-c645413.elementor-element{--order:-99999 \/* order start hack *\/;}.elementor-1949 .elementor-element.elementor-element-1e905ed{text-align:center;}.elementor-1949 .elementor-element.elementor-element-123bf14{text-align:center;}}<\/style>\t\t<div data-elementor-type=\"wp-page\" data-elementor-id=\"1949\" class=\"elementor elementor-1949 elementor-24\" data-elementor-post-type=\"page\">\n\t\t\t\t<div class=\"elementor-element elementor-element-0b44458 e-flex e-con-boxed e-con e-parent\" data-id=\"0b44458\" data-element_type=\"container\" data-e-type=\"container\">\n\t\t\t\t\t<div class=\"e-con-inner\">\n\t\t<div class=\"elementor-element elementor-element-95beb8b e-con-full e-flex e-con e-child\" data-id=\"95beb8b\" data-element_type=\"container\" data-e-type=\"container\">\n\t\t\t\t<div class=\"elementor-element elementor-element-ae7f48c elementor-widget elementor-widget-image\" data-id=\"ae7f48c\" data-element_type=\"widget\" data-e-type=\"widget\" data-widget_type=\"image.default\">\n\t\t\t\t\t\t\t\t\t\t\t\t\t\t\t<img fetchpriority=\"high\" decoding=\"async\" width=\"800\" height=\"534\" src=\"https:\/\/saintplushie.com\/wp-content\/uploads\/2025\/10\/pexels-rebecca-zaal-252062-764681-1024x683.jpg\" class=\"attachment-large size-large wp-image-1922\" alt=\"\" srcset=\"https:\/\/saintplushie.com\/wp-content\/uploads\/2025\/10\/pexels-rebecca-zaal-252062-764681-1024x683.jpg 1024w, https:\/\/saintplushie.com\/wp-content\/uploads\/2025\/10\/pexels-rebecca-zaal-252062-764681-scaled-600x400.jpg 600w, https:\/\/saintplushie.com\/wp-content\/uploads\/2025\/10\/pexels-rebecca-zaal-252062-764681-300x200.jpg 300w, https:\/\/saintplushie.com\/wp-content\/uploads\/2025\/10\/pexels-rebecca-zaal-252062-764681-768x512.jpg 768w, https:\/\/saintplushie.com\/wp-content\/uploads\/2025\/10\/pexels-rebecca-zaal-252062-764681-1536x1024.jpg 1536w, https:\/\/saintplushie.com\/wp-content\/uploads\/2025\/10\/pexels-rebecca-zaal-252062-764681-2048x1365.jpg 2048w\" sizes=\"(max-width: 800px) 100vw, 800px\" \/>\t\t\t\t\t\t\t\t\t\t\t\t\t\t\t<\/div>\n\t\t<div class=\"elementor-element elementor-element-a6da270 e-con-full e-flex e-con e-child\" data-id=\"a6da270\" data-element_type=\"container\" data-e-type=\"container\">\n\t\t\t\t<div class=\"elementor-element elementor-element-fd9ba67 elementor-widget elementor-widget-heading\" data-id=\"fd9ba67\" data-element_type=\"widget\" data-e-type=\"widget\" data-widget_type=\"heading.default\">\n\t\t\t\t\t<h2 class=\"elementor-heading-title elementor-size-default\">Aider les moins fortun\u00e9s<\/h2>\t\t\t\t<\/div>\n\t\t\t\t<div class=\"elementor-element elementor-element-64d917e elementor-widget elementor-widget-text-editor\" data-id=\"64d917e\" data-element_type=\"widget\" data-e-type=\"widget\" data-widget_type=\"text-editor.default\">\n\t\t\t\t\t\t\t\t\t<p>\u00ab\u00a0Notre mission va au-del\u00e0 de la cr\u00e9ation de cadeaux inspir\u00e9s par la foi &#8211; il s&rsquo;agit de r\u00e9pandre l&rsquo;amour l\u00e0 o\u00f9 il est le plus n\u00e9cessaire. Une partie de chaque achat permet de soutenir des orphelinats et des communaut\u00e9s dans le besoin. D\u00e9couvrez comment votre soutien fait la diff\u00e9rence.\u00a0\u00bb<\/p>\t\t\t\t\t\t\t\t<\/div>\n\t\t\t\t<div class=\"elementor-element elementor-element-7d330ed elementor-mobile-align-center elementor-widget elementor-widget-button\" data-id=\"7d330ed\" data-element_type=\"widget\" data-e-type=\"widget\" data-widget_type=\"button.default\">\n\t\t\t\t\t\t\t\t\t\t<a class=\"elementor-button elementor-button-link elementor-size-sm\" href=\"https:\/\/saintplushie.com\/hello-world\/\">\n\t\t\t\t\t\t<span class=\"elementor-button-content-wrapper\">\n\t\t\t\t\t\t\t\t\t<span class=\"elementor-button-text\">En savoir plus<\/span>\n\t\t\t\t\t<\/span>\n\t\t\t\t\t<\/a>\n\t\t\t\t\t\t\t\t<\/div>\n\t\t\t\t<\/div>\n\t\t\t\t<\/div>\n\t\t<div class=\"elementor-element elementor-element-5a14550 e-con-full e-flex e-con e-child\" data-id=\"5a14550\" data-element_type=\"container\" data-e-type=\"container\">\n\t\t<div class=\"elementor-element elementor-element-8ac10a5 e-con-full e-flex e-con e-child\" data-id=\"8ac10a5\" data-element_type=\"container\" data-e-type=\"container\">\n\t\t\t\t<div class=\"elementor-element elementor-element-0683c7a elementor-widget elementor-widget-heading\" data-id=\"0683c7a\" data-element_type=\"widget\" data-e-type=\"widget\" data-widget_type=\"heading.default\">\n\t\t\t\t\t<h2 class=\"elementor-heading-title elementor-size-default\">Partager la foi, une peluche \u00e0 la fois<\/h2>\t\t\t\t<\/div>\n\t\t\t\t<div class=\"elementor-element elementor-element-7a6a05e elementor-widget elementor-widget-text-editor\" data-id=\"7a6a05e\" data-element_type=\"widget\" data-e-type=\"widget\" data-widget_type=\"text-editor.default\">\n\t\t\t\t\t\t\t\t\t<p>\u00ab\u00a0Chaque peluche que nous cr\u00e9ons est plus qu&rsquo;un jouet &#8211; c&rsquo;est une mani\u00e8re douce de partager la beaut\u00e9 de notre foi catholique. Dans les foyers, les salles de classe et les paroisses, ces doux compagnons inspirent la pri\u00e8re, suscitent des conversations et aident les enfants et les familles \u00e0 se rapprocher de Dieu\u00a0\u00bb.<\/p>\t\t\t\t\t\t\t\t<\/div>\n\t\t\t\t<div class=\"elementor-element elementor-element-278588b elementor-mobile-align-center elementor-widget elementor-widget-button\" data-id=\"278588b\" data-element_type=\"widget\" data-e-type=\"widget\" data-widget_type=\"button.default\">\n\t\t\t\t\t\t\t\t\t\t<a class=\"elementor-button elementor-button-link elementor-size-sm\" href=\"#\">\n\t\t\t\t\t\t<span class=\"elementor-button-content-wrapper\">\n\t\t\t\t\t\t\t\t\t<span class=\"elementor-button-text\">Acheter<\/span>\n\t\t\t\t\t<\/span>\n\t\t\t\t\t<\/a>\n\t\t\t\t\t\t\t\t<\/div>\n\t\t\t\t<\/div>\n\t\t\t\t<div class=\"elementor-element elementor-element-c645413 elementor-widget elementor-widget-image\" data-id=\"c645413\" data-element_type=\"widget\" data-e-type=\"widget\" data-widget_type=\"image.default\">\n\t\t\t\t\t\t\t\t\t\t\t\t\t\t\t<img decoding=\"async\" width=\"800\" height=\"534\" src=\"https:\/\/saintplushie.com\/wp-content\/uploads\/2025\/10\/pexels-pixabay-236339-1024x683.jpg\" class=\"attachment-large size-large wp-image-1951\" alt=\"\" srcset=\"https:\/\/saintplushie.com\/wp-content\/uploads\/2025\/10\/pexels-pixabay-236339-1024x683.jpg 1024w, https:\/\/saintplushie.com\/wp-content\/uploads\/2025\/10\/pexels-pixabay-236339-scaled-600x400.jpg 600w, https:\/\/saintplushie.com\/wp-content\/uploads\/2025\/10\/pexels-pixabay-236339-300x200.jpg 300w, https:\/\/saintplushie.com\/wp-content\/uploads\/2025\/10\/pexels-pixabay-236339-768x512.jpg 768w, https:\/\/saintplushie.com\/wp-content\/uploads\/2025\/10\/pexels-pixabay-236339-1536x1024.jpg 1536w, https:\/\/saintplushie.com\/wp-content\/uploads\/2025\/10\/pexels-pixabay-236339-2048x1365.jpg 2048w\" sizes=\"(max-width: 800px) 100vw, 800px\" \/>\t\t\t\t\t\t\t\t\t\t\t\t\t\t\t<\/div>\n\t\t\t\t<\/div>\n\t\t<div class=\"elementor-element elementor-element-de3e7cc e-con-full e-flex e-con e-child\" data-id=\"de3e7cc\" data-element_type=\"container\" data-e-type=\"container\">\n\t\t\t\t<div class=\"elementor-element elementor-element-dc3d39c elementor-widget elementor-widget-image\" data-id=\"dc3d39c\" data-element_type=\"widget\" data-e-type=\"widget\" data-widget_type=\"image.default\">\n\t\t\t\t\t\t\t\t\t\t\t\t\t\t\t<img decoding=\"async\" width=\"800\" height=\"534\" src=\"https:\/\/saintplushie.com\/wp-content\/uploads\/2025\/10\/560f7ba0-968c-4bcf-8793-8bdbf36aaefe-1024x683.png\" class=\"attachment-large size-large wp-image-1785\" alt=\"\" srcset=\"https:\/\/saintplushie.com\/wp-content\/uploads\/2025\/10\/560f7ba0-968c-4bcf-8793-8bdbf36aaefe-1024x683.png 1024w, https:\/\/saintplushie.com\/wp-content\/uploads\/2025\/10\/560f7ba0-968c-4bcf-8793-8bdbf36aaefe-600x400.png 600w, https:\/\/saintplushie.com\/wp-content\/uploads\/2025\/10\/560f7ba0-968c-4bcf-8793-8bdbf36aaefe-300x200.png 300w, https:\/\/saintplushie.com\/wp-content\/uploads\/2025\/10\/560f7ba0-968c-4bcf-8793-8bdbf36aaefe-768x512.png 768w, https:\/\/saintplushie.com\/wp-content\/uploads\/2025\/10\/560f7ba0-968c-4bcf-8793-8bdbf36aaefe.png 1536w\" sizes=\"(max-width: 800px) 100vw, 800px\" \/>\t\t\t\t\t\t\t\t\t\t\t\t\t\t\t<\/div>\n\t\t<div class=\"elementor-element elementor-element-aebbd73 e-con-full e-flex e-con e-child\" data-id=\"aebbd73\" data-element_type=\"container\" data-e-type=\"container\">\n\t\t\t\t<div class=\"elementor-element elementor-element-1e905ed elementor-widget elementor-widget-heading\" data-id=\"1e905ed\" data-element_type=\"widget\" data-e-type=\"widget\" data-widget_type=\"heading.default\">\n\t\t\t\t\t<h2 class=\"elementor-heading-title elementor-size-default\">Partager l'amour de Dieu, pas augmenter les prix<\/h2>\t\t\t\t<\/div>\n\t\t\t\t<div class=\"elementor-element elementor-element-123bf14 elementor-widget elementor-widget-text-editor\" data-id=\"123bf14\" data-element_type=\"widget\" data-e-type=\"widget\" data-widget_type=\"text-editor.default\">\n\t\t\t\t\t\t\t\t\t<p>\u00ab\u00a0Nous pensons que le partage de la foi ne devrait jamais \u00eatre limit\u00e9 par le co\u00fbt. C&rsquo;est pourquoi nous nous effor\u00e7ons de maintenir nos peluches \u00e0 un prix abordable, sans compromettre la qualit\u00e9, la signification ou l&rsquo;attention. Chaque famille devrait avoir la possibilit\u00e9 de ramener \u00e0 la maison un souvenir de l&rsquo;amour de Dieu et de l&rsquo;exemple des saints.<\/p>\t\t\t\t\t\t\t\t<\/div>\n\t\t\t\t<div class=\"elementor-element elementor-element-2cd8084 elementor-mobile-align-center elementor-widget elementor-widget-button\" data-id=\"2cd8084\" data-element_type=\"widget\" data-e-type=\"widget\" data-widget_type=\"button.default\">\n\t\t\t\t\t\t\t\t\t\t<a class=\"elementor-button elementor-button-link elementor-size-sm\" href=\"#\">\n\t\t\t\t\t\t<span class=\"elementor-button-content-wrapper\">\n\t\t\t\t\t\t\t\t\t<span class=\"elementor-button-text\">Acheter des peluches \u00e0 prix abordable<\/span>\n\t\t\t\t\t<\/span>\n\t\t\t\t\t<\/a>\n\t\t\t\t\t\t\t\t<\/div>\n\t\t\t\t<\/div>\n\t\t\t\t<\/div>\n\t\t\t\t\t<\/div>\n\t\t\t\t<\/div>\n\t\t\t\t<\/div>\n\t\t","protected":false},"excerpt":{"rendered":"<p>Aider les moins fortun\u00e9s \u00ab\u00a0Notre mission va au-del\u00e0 de la cr\u00e9ation de cadeaux inspir\u00e9s par la foi &#8211; il s&rsquo;agit de r\u00e9pandre l&rsquo;amour l\u00e0 o\u00f9 il est le plus n\u00e9cessaire. Une partie de chaque achat permet de soutenir des orphelinats et des communaut\u00e9s dans le besoin. D\u00e9couvrez comment votre soutien fait la diff\u00e9rence.\u00a0\u00bb En savoir [&hellip;]<\/p>\n","protected":false},"author":1,"featured_media":0,"parent":0,"menu_order":0,"comment_status":"closed","ping_status":"closed","template":"elementor_header_footer","meta":{"footnotes":""},"class_list":["post-1949","page","type-page","status-publish","hentry"],"_hostinger_reach_plugin_has_subscription_block":false,"_hostinger_reach_plugin_is_elementor":false,"jetpack_sharing_enabled":true,"_links":{"self":[{"href":"https:\/\/saintplushie.com\/fr\/wp-json\/wp\/v2\/pages\/1949","targetHints":{"allow":["GET"]}}],"collection":[{"href":"https:\/\/saintplushie.com\/fr\/wp-json\/wp\/v2\/pages"}],"about":[{"href":"https:\/\/saintplushie.com\/fr\/wp-json\/wp\/v2\/types\/page"}],"author":[{"embeddable":true,"href":"https:\/\/saintplushie.com\/fr\/wp-json\/wp\/v2\/users\/1"}],"replies":[{"embeddable":true,"href":"https:\/\/saintplushie.com\/fr\/wp-json\/wp\/v2\/comments?post=1949"}],"version-history":[{"count":3,"href":"https:\/\/saintplushie.com\/fr\/wp-json\/wp\/v2\/pages\/1949\/revisions"}],"predecessor-version":[{"id":2127,"href":"https:\/\/saintplushie.com\/fr\/wp-json\/wp\/v2\/pages\/1949\/revisions\/2127"}],"wp:attachment":[{"href":"https:\/\/saintplushie.com\/fr\/wp-json\/wp\/v2\/media?parent=1949"}],"curies":[{"name":"wp","href":"https:\/\/api.w.org\/{rel}","templated":true}]}}