{"id":1937,"date":"2025-09-23T01:23:08","date_gmt":"2025-09-23T01:23:08","guid":{"rendered":"https:\/\/saintplushie.com\/contactez-nous\/"},"modified":"2026-04-02T20:04:28","modified_gmt":"2026-04-02T20:04:28","slug":"contactez-nous","status":"publish","type":"page","link":"https:\/\/saintplushie.com\/fr\/contactez-nous\/","title":{"rendered":"Contactez nous"},"content":{"rendered":"<style>.elementor-1937 .elementor-element.elementor-element-8d361f6{--display:flex;--min-height:354px;--flex-direction:column;--container-widget-width:100%;--container-widget-height:initial;--container-widget-flex-grow:0;--container-widget-align-self:initial;--flex-wrap-mobile:wrap;--justify-content:center;--overlay-opacity:0;--margin-top:0px;--margin-bottom:0px;--margin-left:0px;--margin-right:0px;--padding-top:0px;--padding-bottom:0px;--padding-left:00px;--padding-right:0px;}.elementor-1937 .elementor-element.elementor-element-8d361f6:not(.elementor-motion-effects-element-type-background), .elementor-1937 .elementor-element.elementor-element-8d361f6 > .elementor-motion-effects-container > .elementor-motion-effects-layer{background-image:url(\"https:\/\/saintplushie.com\/wp-content\/uploads\/2025\/10\/pexels-mart-production-7219054-scaled.jpg\");background-position:-211px -477px;background-size:1850px auto;}.elementor-1937 .elementor-element.elementor-element-8d361f6::before, .elementor-1937 .elementor-element.elementor-element-8d361f6 > .elementor-background-video-container::before, .elementor-1937 .elementor-element.elementor-element-8d361f6 > .e-con-inner > .elementor-background-video-container::before, .elementor-1937 .elementor-element.elementor-element-8d361f6 > .elementor-background-slideshow::before, .elementor-1937 .elementor-element.elementor-element-8d361f6 > .e-con-inner > .elementor-background-slideshow::before, .elementor-1937 .elementor-element.elementor-element-8d361f6 > .elementor-motion-effects-container > .elementor-motion-effects-layer::before{--background-overlay:'';}.elementor-1937 .elementor-element.elementor-element-109cd02{--display:flex;--flex-direction:row;--container-widget-width:initial;--container-widget-height:100%;--container-widget-flex-grow:1;--container-widget-align-self:stretch;--flex-wrap-mobile:wrap;--margin-top:0px;--margin-bottom:0px;--margin-left:0px;--margin-right:0px;}.elementor-1937 .elementor-element.elementor-element-109cd02:not(.elementor-motion-effects-element-type-background), .elementor-1937 .elementor-element.elementor-element-109cd02 > .elementor-motion-effects-container > .elementor-motion-effects-layer{background-color:#FFFFFF;}.elementor-1937 .elementor-element.elementor-element-afd19df{--display:flex;border-style:none;--border-style:none;--margin-top:0px;--margin-bottom:0px;--margin-left:0px;--margin-right:0px;--padding-top:100px;--padding-bottom:0px;--padding-left:0px;--padding-right:0px;}.elementor-widget-form .elementor-field-group > label, .elementor-widget-form .elementor-field-subgroup label{color:var( --e-global-color-text );}.elementor-widget-form .elementor-field-group > label{font-family:var( --e-global-typography-text-font-family ), Sans-serif;font-weight:var( --e-global-typography-text-font-weight );}.elementor-widget-form .elementor-field-type-html{color:var( --e-global-color-text );font-family:var( --e-global-typography-text-font-family ), Sans-serif;font-weight:var( --e-global-typography-text-font-weight );}.elementor-widget-form .elementor-field-group .elementor-field{color:var( --e-global-color-text );}.elementor-widget-form .elementor-field-group .elementor-field, .elementor-widget-form .elementor-field-subgroup label{font-family:var( --e-global-typography-text-font-family ), Sans-serif;font-weight:var( --e-global-typography-text-font-weight );}.elementor-widget-form .elementor-button{font-family:var( --e-global-typography-accent-font-family ), Sans-serif;font-weight:var( --e-global-typography-accent-font-weight );}.elementor-widget-form .e-form__buttons__wrapper__button-next{background-color:var( --e-global-color-accent );}.elementor-widget-form .elementor-button[type=\"submit\"]{background-color:var( --e-global-color-accent );}.elementor-widget-form .e-form__buttons__wrapper__button-previous{background-color:var( --e-global-color-accent );}.elementor-widget-form .elementor-message{font-family:var( --e-global-typography-text-font-family ), Sans-serif;font-weight:var( --e-global-typography-text-font-weight );}.elementor-widget-form .e-form__indicators__indicator, .elementor-widget-form .e-form__indicators__indicator__label{font-family:var( --e-global-typography-accent-font-family ), Sans-serif;font-weight:var( --e-global-typography-accent-font-weight );}.elementor-widget-form{--e-form-steps-indicator-inactive-primary-color:var( --e-global-color-text );--e-form-steps-indicator-active-primary-color:var( --e-global-color-accent );--e-form-steps-indicator-completed-primary-color:var( --e-global-color-accent );--e-form-steps-indicator-progress-color:var( --e-global-color-accent );--e-form-steps-indicator-progress-background-color:var( --e-global-color-text );--e-form-steps-indicator-progress-meter-color:var( --e-global-color-text );}.elementor-widget-form .e-form__indicators__indicator__progress__meter{font-family:var( --e-global-typography-accent-font-family ), Sans-serif;font-weight:var( --e-global-typography-accent-font-weight );}.elementor-1937 .elementor-element.elementor-element-bce043a .elementor-field-group{padding-right:calc( 10px\/2 );padding-left:calc( 10px\/2 );margin-bottom:10px;}.elementor-1937 .elementor-element.elementor-element-bce043a .elementor-form-fields-wrapper{margin-left:calc( -10px\/2 );margin-right:calc( -10px\/2 );margin-bottom:-10px;}.elementor-1937 .elementor-element.elementor-element-bce043a .elementor-field-group.recaptcha_v3-bottomleft, .elementor-1937 .elementor-element.elementor-element-bce043a .elementor-field-group.recaptcha_v3-bottomright{margin-bottom:0;}body.rtl .elementor-1937 .elementor-element.elementor-element-bce043a .elementor-labels-inline .elementor-field-group > label{padding-left:0px;}body:not(.rtl) .elementor-1937 .elementor-element.elementor-element-bce043a .elementor-labels-inline .elementor-field-group > label{padding-right:0px;}body .elementor-1937 .elementor-element.elementor-element-bce043a .elementor-labels-above .elementor-field-group > label{padding-bottom:0px;}.elementor-1937 .elementor-element.elementor-element-bce043a .elementor-field-group > label, .elementor-1937 .elementor-element.elementor-element-bce043a .elementor-field-subgroup label{color:#000000;}.elementor-1937 .elementor-element.elementor-element-bce043a .elementor-field-type-html{padding-bottom:0px;color:#000000;}.elementor-1937 .elementor-element.elementor-element-bce043a .elementor-field-group .elementor-field{color:#000000;}.elementor-1937 .elementor-element.elementor-element-bce043a .elementor-field-group .elementor-field, .elementor-1937 .elementor-element.elementor-element-bce043a .elementor-field-subgroup label{font-family:\"DM Sans\", Sans-serif;font-size:18px;font-weight:600;}.elementor-1937 .elementor-element.elementor-element-bce043a .elementor-field-group .elementor-field:not(.elementor-select-wrapper){background-color:#ffffff;border-radius:15px 15px 15px 15px;}.elementor-1937 .elementor-element.elementor-element-bce043a .elementor-field-group .elementor-select-wrapper select{background-color:#ffffff;border-radius:15px 15px 15px 15px;}.elementor-1937 .elementor-element.elementor-element-bce043a .elementor-button{font-family:\"DM Sans\", Sans-serif;font-size:22px;font-weight:700;border-style:solid;border-width:2px 2px 2px 2px;border-radius:25px 25px 25px 25px;padding:14px 14px 14px 14px;}.elementor-1937 .elementor-element.elementor-element-bce043a .e-form__buttons__wrapper__button-next{background-color:#2E99FD;color:#ffffff;border-color:#000000;}.elementor-1937 .elementor-element.elementor-element-bce043a .elementor-button[type=\"submit\"]{background-color:#2E99FD;color:#ffffff;border-color:#000000;}.elementor-1937 .elementor-element.elementor-element-bce043a .elementor-button[type=\"submit\"] svg *{fill:#ffffff;}.elementor-1937 .elementor-element.elementor-element-bce043a .e-form__buttons__wrapper__button-previous{color:#ffffff;}.elementor-1937 .elementor-element.elementor-element-bce043a .e-form__buttons__wrapper__button-next:hover{background-color:#FFFFFF;color:#000000;}.elementor-1937 .elementor-element.elementor-element-bce043a .elementor-button[type=\"submit\"]:hover{background-color:#FFFFFF;color:#000000;}.elementor-1937 .elementor-element.elementor-element-bce043a .elementor-button[type=\"submit\"]:hover svg *{fill:#000000;}.elementor-1937 .elementor-element.elementor-element-bce043a .e-form__buttons__wrapper__button-previous:hover{color:#ffffff;}.elementor-1937 .elementor-element.elementor-element-bce043a{--e-form-steps-indicators-spacing:20px;--e-form-steps-indicator-padding:30px;--e-form-steps-indicator-inactive-secondary-color:#ffffff;--e-form-steps-indicator-active-secondary-color:#ffffff;--e-form-steps-indicator-completed-secondary-color:#ffffff;--e-form-steps-divider-width:1px;--e-form-steps-divider-gap:10px;}.elementor-1937 .elementor-element.elementor-element-a8ceb64{--display:flex;--padding-top:0px;--padding-bottom:0px;--padding-left:0px;--padding-right:0px;}.elementor-widget-heading .elementor-heading-title{font-family:var( --e-global-typography-primary-font-family ), Sans-serif;font-weight:var( --e-global-typography-primary-font-weight );color:var( --e-global-color-primary );}.elementor-1937 .elementor-element.elementor-element-ca66493{text-align:center;margin:0px 0px calc(var(--kit-widget-spacing, 0px) + 022px) 0px;padding:0px 0px 0px 0px;}.elementor-1937 .elementor-element.elementor-element-ca66493 .elementor-heading-title{font-family:\"Chewy\", Sans-serif;font-size:60px;font-weight:600;text-shadow:2px 2px 0px rgba(0,0,0,0.3);color:#2E99FD;}.elementor-1937 .elementor-element.elementor-element-cbe8b65 .jeg-elementor-kit.jkit-accordion .card-wrapper:not(.background-gradient), .elementor-1937 .elementor-element.elementor-element-cbe8b65 .jeg-elementor-kit.jkit-accordion .card-wrapper.background-gradient:before{background-color:#FFFFFF;}.elementor-1937 .elementor-element.elementor-element-cbe8b65 .jeg-elementor-kit.jkit-accordion .card-wrapper .card-header .card-header-button{font-family:\"DM Sans\", Sans-serif;transition-duration:0.9s;}.elementor-1937 .elementor-element.elementor-element-cbe8b65 .jeg-elementor-kit.jkit-accordion .card-wrapper .card-header .card-header-button, .elementor-1937 .elementor-element.elementor-element-cbe8b65 .jeg-elementor-kit.jkit-accordion .card-wrapper .card-header.background-gradient{transition-duration:0s;}.elementor-1937 .elementor-element.elementor-element-cbe8b65 .jeg-elementor-kit.jkit-accordion .card-wrapper.expand .card-header .card-header-button{color:#FFFFFF;border-style:solid;border-width:2px 2px 2px 2px;border-color:#000000;}.elementor-1937 .elementor-element.elementor-element-cbe8b65 .jeg-elementor-kit.jkit-accordion .card-wrapper.expand .card-header:not(.background-gradient) .card-header-button, .elementor-1937 .elementor-element.elementor-element-cbe8b65 .jeg-elementor-kit.jkit-accordion .card-wrapper .card-header.background-gradient:after{background-color:#2E99FD;}.elementor-1937 .elementor-element.elementor-element-cbe8b65 .jeg-elementor-kit.jkit-accordion .card-wrapper.expand .card-header .card-header-button, .elementor-1937 .elementor-element.elementor-element-cbe8b65 .jeg-elementor-kit.jkit-accordion .card-wrapper .card-header.background-gradient::after{border-radius:15px 15px 15px 15px;}.elementor-1937 .elementor-element.elementor-element-cbe8b65 .jeg-elementor-kit.jkit-accordion .card-wrapper:not(.expand) .card-header .card-header-button{color:#000000;border-style:solid;border-width:2px 2px 2px 2px;border-color:#000000;}.elementor-1937 .elementor-element.elementor-element-cbe8b65 .jeg-elementor-kit.jkit-accordion .card-wrapper .card-header:not(.background-gradient) .card-header-button, .elementor-1937 .elementor-element.elementor-element-cbe8b65 .jeg-elementor-kit.jkit-accordion .card-wrapper .card-header.background-gradient:before{background-color:#FFFFFF;}.elementor-1937 .elementor-element.elementor-element-cbe8b65 .jeg-elementor-kit.jkit-accordion .card-wrapper:not(.expand) .card-header .card-header-button, .elementor-1937 .elementor-element.elementor-element-cbe8b65 .jeg-elementor-kit.jkit-accordion .card-wrapper .card-header.background-gradient::before{border-radius:15px 15px 15px 15px;}.elementor-1937 .elementor-element.elementor-element-cbe8b65 .jeg-elementor-kit.jkit-accordion .card-wrapper:hover .card-header .card-header-button{color:#FFFFFF;background-color:#2E99FD;box-shadow:1px 1px 7px 0px rgba(0,0,0,0.5);}@media(min-width:768px){.elementor-1937 .elementor-element.elementor-element-109cd02{--content-width:1600px;}.elementor-1937 .elementor-element.elementor-element-afd19df{--width:100%;}}@media(max-width:1024px){.elementor-1937 .elementor-element.elementor-element-8d361f6:not(.elementor-motion-effects-element-type-background), .elementor-1937 .elementor-element.elementor-element-8d361f6 > .elementor-motion-effects-container > .elementor-motion-effects-layer{background-position:-548px -315px;}}@media(max-width:767px){.elementor-1937 .elementor-element.elementor-element-8d361f6{--width:500px;--min-height:186px;--margin-top:0px;--margin-bottom:0px;--margin-left:0px;--margin-right:0px;}.elementor-1937 .elementor-element.elementor-element-8d361f6:not(.elementor-motion-effects-element-type-background), .elementor-1937 .elementor-element.elementor-element-8d361f6 > .elementor-motion-effects-container > .elementor-motion-effects-layer{background-position:-350px -283px;background-size:1000px auto;}.elementor-1937 .elementor-element.elementor-element-cbe8b65 .jeg-elementor-kit.jkit-accordion .card-expand .card-body{border-radius:0px 0px 0px 0px;padding:15px 15px 15px 15px;}}<\/style>\t\t<div data-elementor-type=\"wp-page\" data-elementor-id=\"1937\" class=\"elementor elementor-1937 elementor-26\" data-elementor-post-type=\"page\">\n\t\t\t\t<div class=\"elementor-element elementor-element-8d361f6 e-con-full e-flex e-con e-parent\" data-id=\"8d361f6\" data-element_type=\"container\" data-e-type=\"container\" data-settings=\"{&quot;background_background&quot;:&quot;classic&quot;}\">\n\t\t\t\t<\/div>\n\t\t<div class=\"elementor-element elementor-element-109cd02 e-flex e-con-boxed e-con e-parent\" data-id=\"109cd02\" data-element_type=\"container\" data-e-type=\"container\" data-settings=\"{&quot;background_background&quot;:&quot;classic&quot;}\">\n\t\t\t\t\t<div class=\"e-con-inner\">\n\t\t<div class=\"elementor-element elementor-element-afd19df e-con-full e-flex e-con e-child\" data-id=\"afd19df\" data-element_type=\"container\" data-e-type=\"container\">\n\t\t\t\t<div class=\"elementor-element elementor-element-bce043a elementor-button-align-stretch elementor-widget elementor-widget-form\" data-id=\"bce043a\" data-element_type=\"widget\" data-e-type=\"widget\" data-settings=\"{&quot;step_next_label&quot;:&quot;Suivant&quot;,&quot;step_previous_label&quot;:&quot;Pr\\u00e9c\\u00e9dent&quot;,&quot;button_width&quot;:&quot;100&quot;,&quot;step_type&quot;:&quot;number_text&quot;,&quot;step_icon_shape&quot;:&quot;circle&quot;}\" data-widget_type=\"form.default\">\n\t\t\t\t\t\t\t<form class=\"elementor-form\" method=\"post\" name=\"Nouveau formulaire\" aria-label=\"Nouveau formulaire\">\n\t\t\t<input type=\"hidden\" name=\"post_id\" value=\"1937\"\/>\n\t\t\t<input type=\"hidden\" name=\"form_id\" value=\"bce043a\"\/>\n\t\t\t<input type=\"hidden\" name=\"referer_title\" value=\"Contactez nous\" \/>\n\n\t\t\t\t\t\t\t<input type=\"hidden\" name=\"queried_id\" value=\"1937\"\/>\n\t\t\t\n\t\t\t<div class=\"elementor-form-fields-wrapper elementor-labels-\">\n\t\t\t\t\t\t\t\t<div class=\"elementor-field-type-text elementor-field-group elementor-column elementor-field-group-name elementor-col-100\">\n\t\t\t\t\t\t\t\t\t\t\t\t<label for=\"form-field-name\" class=\"elementor-field-label elementor-screen-only\">\n\t\t\t\t\t\t\t\tName\t\t\t\t\t\t\t<\/label>\n\t\t\t\t\t\t\t\t\t\t\t\t\t\t<input size=\"1\" type=\"text\" name=\"form_fields[name]\" id=\"form-field-name\" class=\"elementor-field elementor-size-lg  elementor-field-textual\" placeholder=\"Nom\">\n\t\t\t\t\t\t\t\t\t\t\t<\/div>\n\t\t\t\t\t\t\t\t<div class=\"elementor-field-type-email elementor-field-group elementor-column elementor-field-group-email elementor-col-100 elementor-field-required\">\n\t\t\t\t\t\t\t\t\t\t\t\t<label for=\"form-field-email\" class=\"elementor-field-label elementor-screen-only\">\n\t\t\t\t\t\t\t\tCourriel\t\t\t\t\t\t\t<\/label>\n\t\t\t\t\t\t\t\t\t\t\t\t\t\t<input size=\"1\" type=\"email\" name=\"form_fields[email]\" id=\"form-field-email\" class=\"elementor-field elementor-size-lg  elementor-field-textual\" placeholder=\"Courriel\" required=\"required\">\n\t\t\t\t\t\t\t\t\t\t\t<\/div>\n\t\t\t\t\t\t\t\t<div class=\"elementor-field-type-textarea elementor-field-group elementor-column elementor-field-group-message elementor-col-100\">\n\t\t\t\t\t\t\t\t\t\t\t\t<label for=\"form-field-message\" class=\"elementor-field-label elementor-screen-only\">\n\t\t\t\t\t\t\t\tMessage\t\t\t\t\t\t\t<\/label>\n\t\t\t\t\t\t<textarea class=\"elementor-field-textual elementor-field  elementor-size-lg\" name=\"form_fields[message]\" id=\"form-field-message\" rows=\"4\" placeholder=\"Message\"><\/textarea>\t\t\t\t<\/div>\n\t\t\t\t\t\t\t\t<div class=\"elementor-field-group elementor-column elementor-field-type-submit elementor-col-100 e-form__buttons\">\n\t\t\t\t\t<button class=\"elementor-button elementor-size-sm\" type=\"submit\">\n\t\t\t\t\t\t<span class=\"elementor-button-content-wrapper\">\n\t\t\t\t\t\t\t\t\t\t\t\t\t\t\t\t\t\t\t\t\t\t<span class=\"elementor-button-text\">Envoyer<\/span>\n\t\t\t\t\t\t\t\t\t\t\t\t\t<\/span>\n\t\t\t\t\t<\/button>\n\t\t\t\t<\/div>\n\t\t\t<\/div>\n\t\t<\/form>\n\t\t\t\t\t\t<\/div>\n\t\t\t\t<\/div>\n\t\t<div class=\"elementor-element elementor-element-a8ceb64 e-con-full e-flex e-con e-child\" data-id=\"a8ceb64\" data-element_type=\"container\" data-e-type=\"container\">\n\t\t\t\t<div class=\"elementor-element elementor-element-ca66493 elementor-widget elementor-widget-heading\" data-id=\"ca66493\" data-element_type=\"widget\" data-e-type=\"widget\" data-widget_type=\"heading.default\">\n\t\t\t\t\t<h2 class=\"elementor-heading-title elementor-size-default\">Questions-r\u00e9ponses<\/h2>\t\t\t\t<\/div>\n\t\t\t\t<div class=\"elementor-element elementor-element-cbe8b65 elementor-widget elementor-widget-jkit_accordion\" data-id=\"cbe8b65\" data-element_type=\"widget\" data-e-type=\"widget\" data-widget_type=\"jkit_accordion.default\">\n\t\t\t\t\t<div  class=\"jeg-elementor-kit jkit-accordion style-default jeg_module___69d181915e363\" ><div class=\"card-wrapper expand\">\n                <div class=\"card-header\">\n                    <a href=\"#expand-5bdf51c\" class=\"card-header-button\" aria-expanded=\"false\" data-target=\"#expand-5bdf51c\" aria-controls=\"expand-5bdf51c\">\n                        <span class=\"title\">Combien de temps prend l\u2019exp\u00e9dition ?<\/span><div class=\"right-icon-group\">\n                <div class=\"normal-icon\"><svg aria-hidden=\"true\" class=\"e-font-icon-svg e-fas-chevron-down\" viewBox=\"0 0 448 512\" xmlns=\"http:\/\/www.w3.org\/2000\/svg\"><path d=\"M207.029 381.476L12.686 187.132c-9.373-9.373-9.373-24.569 0-33.941l22.667-22.667c9.357-9.357 24.522-9.375 33.901-.04L224 284.505l154.745-154.021c9.379-9.335 24.544-9.317 33.901.04l22.667 22.667c9.373 9.373 9.373 24.569 0 33.941L240.971 381.476c-9.373 9.372-24.569 9.372-33.942 0z\"><\/path><\/svg><\/div>\n                <div class=\"active-icon\"><svg aria-hidden=\"true\" class=\"e-font-icon-svg e-fas-chevron-up\" viewBox=\"0 0 448 512\" xmlns=\"http:\/\/www.w3.org\/2000\/svg\"><path d=\"M240.971 130.524l194.343 194.343c9.373 9.373 9.373 24.569 0 33.941l-22.667 22.667c-9.357 9.357-24.522 9.375-33.901.04L224 227.495 69.255 381.516c-9.379 9.335-24.544 9.317-33.901-.04l-22.667-22.667c-9.373-9.373-9.373-24.569 0-33.941L207.03 130.525c9.372-9.373 24.568-9.373 33.941-.001z\"><\/path><\/svg><\/div>\n            <\/div>\n                    <\/a>\n                <\/div>\n                <div class=\"card-expand\" id=\"expand-5bdf51c\" style=\"display:block\"><div class=\"card-body\"><p><strong data-start=\"62\" data-end=\"108\">L\u2019exp\u00e9dition prend g\u00e9n\u00e9ralement 2 \u00e0 6 jours ouvrables<\/strong>, <strong>mais peut prendre jusqu\u2019\u00e0 8 jours selon votre emplacement.<\/strong> Une fois votre commande exp\u00e9di\u00e9e, vous recevrez un num\u00e9ro de suivi. Pour toute question ou probl\u00e8me concernant l'exp\u00e9dition ou tout autre sujet, veuillez nous contacter \u00e0 l'adresse suivante <strong data-start=\"293\" data-end=\"316\" data-is-only-node=\"\"><a class=\"decorated-link cursor-pointer\" rel=\"noopener\" data-start=\"295\" data-end=\"314\">info@saintplushie.com<\/a><\/strong><\/p>\n<\/div><\/div>\n            <\/div><div class=\"card-wrapper \">\n                <div class=\"card-header\">\n                    <a href=\"#expand-8e903cf\" class=\"card-header-button\" aria-expanded=\"false\" data-target=\"#expand-8e903cf\" aria-controls=\"expand-8e903cf\">\n                        <span class=\"title\">Que se passe-t-il si mon produit est endommag\u00e9 ?<\/span><div class=\"right-icon-group\">\n                <div class=\"normal-icon\"><svg aria-hidden=\"true\" class=\"e-font-icon-svg e-fas-chevron-down\" viewBox=\"0 0 448 512\" xmlns=\"http:\/\/www.w3.org\/2000\/svg\"><path d=\"M207.029 381.476L12.686 187.132c-9.373-9.373-9.373-24.569 0-33.941l22.667-22.667c9.357-9.357 24.522-9.375 33.901-.04L224 284.505l154.745-154.021c9.379-9.335 24.544-9.317 33.901.04l22.667 22.667c9.373 9.373 9.373 24.569 0 33.941L240.971 381.476c-9.373 9.372-24.569 9.372-33.942 0z\"><\/path><\/svg><\/div>\n                <div class=\"active-icon\"><svg aria-hidden=\"true\" class=\"e-font-icon-svg e-fas-chevron-up\" viewBox=\"0 0 448 512\" xmlns=\"http:\/\/www.w3.org\/2000\/svg\"><path d=\"M240.971 130.524l194.343 194.343c9.373 9.373 9.373 24.569 0 33.941l-22.667 22.667c-9.357 9.357-24.522 9.375-33.901.04L224 227.495 69.255 381.516c-9.379 9.335-24.544 9.317-33.901-.04l-22.667-22.667c-9.373-9.373-9.373-24.569 0-33.941L207.03 130.525c9.372-9.373 24.568-9.373 33.941-.001z\"><\/path><\/svg><\/div>\n            <\/div>\n                    <\/a>\n                <\/div>\n                <div class=\"card-expand\" id=\"expand-8e903cf\" style=\"display:none\"><div class=\"card-body\"><p>Nous assumons l\u2019<strong>enti\u00e8re responsabilit\u00e9 de tout probl\u00e8me<\/strong> avec votre produit s\u2019il arrive endommag\u00e9 ou d\u00e9fectueux. Pour tout probl\u00e8me, contactez-nous \u00e0 l'adresse suivante : info@saintplushie.com<\/p>\n<\/div><\/div>\n            <\/div><div class=\"card-wrapper \">\n                <div class=\"card-header\">\n                    <a href=\"#expand-65b0524\" class=\"card-header-button\" aria-expanded=\"false\" data-target=\"#expand-65b0524\" aria-controls=\"expand-65b0524\">\n                        <span class=\"title\">Comment savoir si vous faites vraiment don d\u2019argent aux enfants dans le besoin pour chaque vente ?<\/span><div class=\"right-icon-group\">\n                <div class=\"normal-icon\"><svg aria-hidden=\"true\" class=\"e-font-icon-svg e-fas-chevron-down\" viewBox=\"0 0 448 512\" xmlns=\"http:\/\/www.w3.org\/2000\/svg\"><path d=\"M207.029 381.476L12.686 187.132c-9.373-9.373-9.373-24.569 0-33.941l22.667-22.667c9.357-9.357 24.522-9.375 33.901-.04L224 284.505l154.745-154.021c9.379-9.335 24.544-9.317 33.901.04l22.667 22.667c9.373 9.373 9.373 24.569 0 33.941L240.971 381.476c-9.373 9.372-24.569 9.372-33.942 0z\"><\/path><\/svg><\/div>\n                <div class=\"active-icon\"><svg aria-hidden=\"true\" class=\"e-font-icon-svg e-fas-chevron-up\" viewBox=\"0 0 448 512\" xmlns=\"http:\/\/www.w3.org\/2000\/svg\"><path d=\"M240.971 130.524l194.343 194.343c9.373 9.373 9.373 24.569 0 33.941l-22.667 22.667c-9.357 9.357-24.522 9.375-33.901.04L224 227.495 69.255 381.516c-9.379 9.335-24.544 9.317-33.901-.04l-22.667-22.667c-9.373-9.373-9.373-24.569 0-33.941L207.03 130.525c9.372-9.373 24.568-9.373 33.941-.001z\"><\/path><\/svg><\/div>\n            <\/div>\n                    <\/a>\n                <\/div>\n                <div class=\"card-expand\" id=\"expand-65b0524\" style=\"display:none\"><div class=\"card-body\"><p><strong>Nous sommes fiers de notre transparence et de notre honn\u00eatet\u00e9.<\/strong> Nous sommes une \u00e9quipe de croyants engag\u00e9s \u00e0 servir les autres par notre travail. Nous partagerons r<strong>\u00e9guli\u00e8rement des mises \u00e0 jour et des preuves de nos dons<\/strong> via notre site web et nos r\u00e9seaux sociaux. Notre mission n\u2019est pas seulement de cr\u00e9er des produits significatifs, mais d\u2019avoir un impact r\u00e9el et positif par la foi et l\u2019action.<\/p>\n<\/div><\/div>\n            <\/div><\/div>\t\t\t\t<\/div>\n\t\t\t\t<\/div>\n\t\t\t\t\t<\/div>\n\t\t\t\t<\/div>\n\t\t\t\t<\/div>\n\t\t","protected":false},"excerpt":{"rendered":"<p>Questions-r\u00e9ponses Combien de temps prend l\u2019exp\u00e9dition ? L\u2019exp\u00e9dition prend g\u00e9n\u00e9ralement 2 \u00e0 6 jours ouvrables, mais peut prendre jusqu\u2019\u00e0 8 jours selon votre emplacement. Une fois votre commande exp\u00e9di\u00e9e, vous recevrez un num\u00e9ro de suivi. Pour toute question ou probl\u00e8me concernant l&rsquo;exp\u00e9dition ou tout autre sujet, veuillez nous contacter \u00e0 l&rsquo;adresse suivante info@saintplushie.com Que se [&hellip;]<\/p>\n","protected":false},"author":1,"featured_media":0,"parent":0,"menu_order":0,"comment_status":"closed","ping_status":"closed","template":"elementor_header_footer","meta":{"footnotes":""},"class_list":["post-1937","page","type-page","status-publish","hentry"],"_hostinger_reach_plugin_has_subscription_block":false,"_hostinger_reach_plugin_is_elementor":false,"jetpack_sharing_enabled":true,"_links":{"self":[{"href":"https:\/\/saintplushie.com\/fr\/wp-json\/wp\/v2\/pages\/1937","targetHints":{"allow":["GET"]}}],"collection":[{"href":"https:\/\/saintplushie.com\/fr\/wp-json\/wp\/v2\/pages"}],"about":[{"href":"https:\/\/saintplushie.com\/fr\/wp-json\/wp\/v2\/types\/page"}],"author":[{"embeddable":true,"href":"https:\/\/saintplushie.com\/fr\/wp-json\/wp\/v2\/users\/1"}],"replies":[{"embeddable":true,"href":"https:\/\/saintplushie.com\/fr\/wp-json\/wp\/v2\/comments?post=1937"}],"version-history":[{"count":7,"href":"https:\/\/saintplushie.com\/fr\/wp-json\/wp\/v2\/pages\/1937\/revisions"}],"predecessor-version":[{"id":3421,"href":"https:\/\/saintplushie.com\/fr\/wp-json\/wp\/v2\/pages\/1937\/revisions\/3421"}],"wp:attachment":[{"href":"https:\/\/saintplushie.com\/fr\/wp-json\/wp\/v2\/media?parent=1937"}],"curies":[{"name":"wp","href":"https:\/\/api.w.org\/{rel}","templated":true}]}}