{"id":3375,"date":"2026-03-03T21:38:10","date_gmt":"2026-03-03T21:38:10","guid":{"rendered":"https:\/\/saintplushie.com\/shop\/el-duo-llavero\/"},"modified":"2026-03-03T21:38:10","modified_gmt":"2026-03-03T21:38:10","slug":"el-duo-llavero","status":"publish","type":"product","link":"https:\/\/saintplushie.com\/es\/shop\/el-duo-llavero\/","title":{"rendered":"El d\u00fao llavero"},"content":{"rendered":"<p>Jes\u00fas y Mar\u00eda juntos: lleva tu fe dondequiera que vayas. Perfecto para mochilas, llaves y manitas. <\/p>\n","protected":false},"excerpt":{"rendered":"<p>Jes\u00fas y Mar\u00eda juntos: lleva tu fe dondequiera que vayas. Perfecto para mochilas, llaves y manitas. <\/p>\n","protected":false},"featured_media":2941,"comment_status":"open","ping_status":"closed","template":"","meta":[],"product_brand":[],"product_cat":[59],"product_tag":[],"class_list":{"0":"post-3375","1":"product","2":"type-product","3":"status-publish","4":"has-post-thumbnail","6":"product_cat-paquetes","8":"first","9":"onbackorder","10":"sale","11":"taxable","12":"shipping-taxable","13":"purchasable","14":"product-type-simple"},"jetpack_sharing_enabled":true,"_links":{"self":[{"href":"https:\/\/saintplushie.com\/es\/wp-json\/wp\/v2\/product\/3375","targetHints":{"allow":["GET"]}}],"collection":[{"href":"https:\/\/saintplushie.com\/es\/wp-json\/wp\/v2\/product"}],"about":[{"href":"https:\/\/saintplushie.com\/es\/wp-json\/wp\/v2\/types\/product"}],"replies":[{"embeddable":true,"href":"https:\/\/saintplushie.com\/es\/wp-json\/wp\/v2\/comments?post=3375"}],"wp:featuredmedia":[{"embeddable":true,"href":"https:\/\/saintplushie.com\/es\/wp-json\/wp\/v2\/media\/2941"}],"wp:attachment":[{"href":"https:\/\/saintplushie.com\/es\/wp-json\/wp\/v2\/media?parent=3375"}],"wp:term":[{"taxonomy":"product_brand","embeddable":true,"href":"https:\/\/saintplushie.com\/es\/wp-json\/wp\/v2\/product_brand?post=3375"},{"taxonomy":"product_cat","embeddable":true,"href":"https:\/\/saintplushie.com\/es\/wp-json\/wp\/v2\/product_cat?post=3375"},{"taxonomy":"product_tag","embeddable":true,"href":"https:\/\/saintplushie.com\/es\/wp-json\/wp\/v2\/product_tag?post=3375"}],"curies":[{"name":"wp","href":"https:\/\/api.w.org\/{rel}","templated":true}]}}