{"id":3367,"date":"2026-03-03T20:42:36","date_gmt":"2026-03-03T20:42:36","guid":{"rendered":"https:\/\/saintplushie.com\/shop\/la-pareja-santa\/"},"modified":"2026-03-03T20:42:36","modified_gmt":"2026-03-03T20:42:36","slug":"la-pareja-santa","status":"publish","type":"product","link":"https:\/\/saintplushie.com\/es\/shop\/la-pareja-santa\/","title":{"rendered":"La Pareja Santa"},"content":{"rendered":"<p>Uno para cada ni\u00f1o, o uno para abrazar y otro para compartir. Ll\u00e9vate a casa tanto a San Charbel como a la Sant\u00edsima Virgen Mar\u00eda, y comienza la colecci\u00f3n de santos de tu familia. <\/p>\n","protected":false},"excerpt":{"rendered":"<p>Uno para cada ni\u00f1o, o uno para abrazar y otro para compartir. Ll\u00e9vate a casa tanto a San Charbel como a la Sant\u00edsima Virgen Mar\u00eda, y comienza la colecci\u00f3n de santos de tu familia. <\/p>\n","protected":false},"featured_media":2966,"comment_status":"open","ping_status":"closed","template":"","meta":[],"product_brand":[],"product_cat":[59],"product_tag":[],"class_list":{"0":"post-3367","1":"product","2":"type-product","3":"status-publish","4":"has-post-thumbnail","6":"product_cat-paquetes","8":"first","9":"onbackorder","10":"sale","11":"taxable","12":"shipping-taxable","13":"purchasable","14":"product-type-simple"},"jetpack_sharing_enabled":true,"_links":{"self":[{"href":"https:\/\/saintplushie.com\/es\/wp-json\/wp\/v2\/product\/3367","targetHints":{"allow":["GET"]}}],"collection":[{"href":"https:\/\/saintplushie.com\/es\/wp-json\/wp\/v2\/product"}],"about":[{"href":"https:\/\/saintplushie.com\/es\/wp-json\/wp\/v2\/types\/product"}],"replies":[{"embeddable":true,"href":"https:\/\/saintplushie.com\/es\/wp-json\/wp\/v2\/comments?post=3367"}],"wp:featuredmedia":[{"embeddable":true,"href":"https:\/\/saintplushie.com\/es\/wp-json\/wp\/v2\/media\/2966"}],"wp:attachment":[{"href":"https:\/\/saintplushie.com\/es\/wp-json\/wp\/v2\/media?parent=3367"}],"wp:term":[{"taxonomy":"product_brand","embeddable":true,"href":"https:\/\/saintplushie.com\/es\/wp-json\/wp\/v2\/product_brand?post=3367"},{"taxonomy":"product_cat","embeddable":true,"href":"https:\/\/saintplushie.com\/es\/wp-json\/wp\/v2\/product_cat?post=3367"},{"taxonomy":"product_tag","embeddable":true,"href":"https:\/\/saintplushie.com\/es\/wp-json\/wp\/v2\/product_tag?post=3367"}],"curies":[{"name":"wp","href":"https:\/\/api.w.org\/{rel}","templated":true}]}}