{"id":3365,"date":"2026-03-03T19:42:30","date_gmt":"2026-03-03T19:42:30","guid":{"rendered":"https:\/\/saintplushie.com\/shop\/santa-y-companera-conjunto-virgen-maria\/"},"modified":"2026-03-03T19:42:30","modified_gmt":"2026-03-03T19:42:30","slug":"santa-y-companera-conjunto-virgen-maria","status":"publish","type":"product","link":"https:\/\/saintplushie.com\/es\/shop\/santa-y-companera-conjunto-virgen-maria\/","title":{"rendered":"Santa y compa\u00f1era &#8211; Conjunto Virgen Mar\u00eda"},"content":{"rendered":"<p>Lleva a la Sant\u00edsima Virgen Mar\u00eda a todas partes. El peluche se queda en casa para las oraciones antes de dormir. El llavero va en mochilas, bolsas de pa\u00f1ales y llaves del coche: un peque\u00f1o recordatorio de la fe dondequiera que vaya tu familia.  <\/p>\n","protected":false},"excerpt":{"rendered":"<p>Lleva a la Sant\u00edsima Virgen Mar\u00eda a todas partes. El peluche se queda en casa para las oraciones antes de dormir. El llavero va en mochilas, bolsas de pa\u00f1ales y llaves del coche: un peque\u00f1o recordatorio de la fe dondequiera que vaya tu familia.  <\/p>\n","protected":false},"featured_media":2960,"comment_status":"open","ping_status":"closed","template":"","meta":[],"product_brand":[],"product_cat":[59],"product_tag":[],"class_list":{"0":"post-3365","1":"product","2":"type-product","3":"status-publish","4":"has-post-thumbnail","6":"product_cat-paquetes","8":"first","9":"onbackorder","10":"sale","11":"taxable","12":"shipping-taxable","13":"purchasable","14":"product-type-simple"},"jetpack_sharing_enabled":true,"_links":{"self":[{"href":"https:\/\/saintplushie.com\/es\/wp-json\/wp\/v2\/product\/3365","targetHints":{"allow":["GET"]}}],"collection":[{"href":"https:\/\/saintplushie.com\/es\/wp-json\/wp\/v2\/product"}],"about":[{"href":"https:\/\/saintplushie.com\/es\/wp-json\/wp\/v2\/types\/product"}],"replies":[{"embeddable":true,"href":"https:\/\/saintplushie.com\/es\/wp-json\/wp\/v2\/comments?post=3365"}],"wp:featuredmedia":[{"embeddable":true,"href":"https:\/\/saintplushie.com\/es\/wp-json\/wp\/v2\/media\/2960"}],"wp:attachment":[{"href":"https:\/\/saintplushie.com\/es\/wp-json\/wp\/v2\/media?parent=3365"}],"wp:term":[{"taxonomy":"product_brand","embeddable":true,"href":"https:\/\/saintplushie.com\/es\/wp-json\/wp\/v2\/product_brand?post=3365"},{"taxonomy":"product_cat","embeddable":true,"href":"https:\/\/saintplushie.com\/es\/wp-json\/wp\/v2\/product_cat?post=3365"},{"taxonomy":"product_tag","embeddable":true,"href":"https:\/\/saintplushie.com\/es\/wp-json\/wp\/v2\/product_tag?post=3365"}],"curies":[{"name":"wp","href":"https:\/\/api.w.org\/{rel}","templated":true}]}}