{"id":3363,"date":"2026-03-03T18:47:58","date_gmt":"2026-03-03T18:47:58","guid":{"rendered":"https:\/\/saintplushie.com\/shop\/conjunto-saint-sidekick-saint-charbel\/"},"modified":"2026-03-03T18:47:58","modified_gmt":"2026-03-03T18:47:58","slug":"conjunto-saint-sidekick-saint-charbel","status":"publish","type":"product","link":"https:\/\/saintplushie.com\/es\/shop\/conjunto-saint-sidekick-saint-charbel\/","title":{"rendered":"Conjunto Saint &amp; Sidekick &#8211; Saint Charbel"},"content":{"rendered":"<p>\u00abTen a San Charbel y a Jes\u00fas por todas partes. El peluche se queda en casa para las oraciones antes de dormir. El llavero va en mochilas, bolsas de pa\u00f1ales y llaves del coche: un peque\u00f1o recordatorio de la fe dondequiera que t\u00fa o tu familia vay\u00e1is.\u00bb<\/p>\n","protected":false},"excerpt":{"rendered":"<p>\u00abTen a San Charbel y a Jes\u00fas por todas partes. El peluche se queda en casa para las oraciones antes de dormir. El llavero va en mochilas, bolsas de pa\u00f1ales y llaves del coche: un peque\u00f1o recordatorio de la fe dondequiera que t\u00fa o tu familia vay\u00e1is.\u00bb<\/p>\n","protected":false},"featured_media":2965,"comment_status":"open","ping_status":"closed","template":"","meta":[],"product_brand":[],"product_cat":[59],"product_tag":[],"class_list":{"0":"post-3363","1":"product","2":"type-product","3":"status-publish","4":"has-post-thumbnail","6":"product_cat-paquetes","8":"first","9":"onbackorder","10":"sale","11":"taxable","12":"shipping-taxable","13":"purchasable","14":"product-type-simple"},"jetpack_sharing_enabled":true,"_links":{"self":[{"href":"https:\/\/saintplushie.com\/es\/wp-json\/wp\/v2\/product\/3363","targetHints":{"allow":["GET"]}}],"collection":[{"href":"https:\/\/saintplushie.com\/es\/wp-json\/wp\/v2\/product"}],"about":[{"href":"https:\/\/saintplushie.com\/es\/wp-json\/wp\/v2\/types\/product"}],"replies":[{"embeddable":true,"href":"https:\/\/saintplushie.com\/es\/wp-json\/wp\/v2\/comments?post=3363"}],"wp:featuredmedia":[{"embeddable":true,"href":"https:\/\/saintplushie.com\/es\/wp-json\/wp\/v2\/media\/2965"}],"wp:attachment":[{"href":"https:\/\/saintplushie.com\/es\/wp-json\/wp\/v2\/media?parent=3363"}],"wp:term":[{"taxonomy":"product_brand","embeddable":true,"href":"https:\/\/saintplushie.com\/es\/wp-json\/wp\/v2\/product_brand?post=3363"},{"taxonomy":"product_cat","embeddable":true,"href":"https:\/\/saintplushie.com\/es\/wp-json\/wp\/v2\/product_cat?post=3363"},{"taxonomy":"product_tag","embeddable":true,"href":"https:\/\/saintplushie.com\/es\/wp-json\/wp\/v2\/product_tag?post=3363"}],"curies":[{"name":"wp","href":"https:\/\/api.w.org\/{rel}","templated":true}]}}