{"id":1831,"date":"2026-01-06T17:39:09","date_gmt":"2026-01-06T17:39:09","guid":{"rendered":"https:\/\/saintplushie.com\/shop\/san-charbel\/"},"modified":"2026-04-02T17:31:04","modified_gmt":"2026-04-02T17:31:04","slug":"san-charbel","status":"publish","type":"product","link":"https:\/\/saintplushie.com\/es\/shop\/san-charbel\/","title":{"rendered":"San Charbel"},"content":{"rendered":"<p class=\"p1\"><b>San Charbel Makhlouf &#8211; El Ermita\u00f1o del L\u00edbano<\/b><\/p>\n<p class=\"p1\">Un compa\u00f1ero suave y abrazable para ayudar a tu hijo a acercarse a uno de los santos m\u00e1s queridos de la Iglesia Maronita.<\/p>\n<p class=\"p1\">Iglesia.<\/p>\n<p class=\"p1\">San Charbel pas\u00f3 23 a\u00f1os en oraci\u00f3n y soledad en las monta\u00f1as del L\u00edbano. Hoy, su intercesi\u00f3n es <\/p>\n<p class=\"p1\">buscado por millones de personas en todo el mundo, y ahora tu peque\u00f1o puede tener su propio San Charbel para abrazarlo,<\/p>\n<p class=\"p1\">abrazar y aprender de ellos.<\/p>\n<p class=\"p1\"><b>Por qu\u00e9 las familias adoran este peluche:<\/b><\/p>\n<p class=\"p1\">Materiales suaves y seguros para los ni\u00f1os, perfectos para abrazarlos, dormir con ellos y llevarlos a todas partes<\/p>\n<p class=\"p1\">Detalles cuidadosamente dise\u00f1ados que honran la tradici\u00f3n mon\u00e1stica maronita de San Charbel<\/p>\n<p class=\"p1\">Una alternativa significativa a los peluches corrientes: es una herramienta de formaci\u00f3n en la fe<\/p>\n<p class=\"p1\">Calidad probada por una empresa externa para garantizar su seguridad y<b>durabilidadRegalo perfecto para:<\/b> Bautizos, Primera Comuni\u00f3n, Fiesta de San Charbel (24 de julio), Navidad o en cualquier ocasi\u00f3n<\/p>\n<p class=\"p1\">quieres compartir la fe con un ni\u00f1o al que quieres.<\/p>\n<p class=\"p1\"><b>Especificaciones:<\/b><\/p>\n<p class=\"p1\">Material: Tejido de felpa suave<\/p>\n<p class=\"p1\">Adecuado para mayores de 3 a\u00f1os<\/p>\n<p class=\"p1\">Superficie lavable<\/p>\n","protected":false},"excerpt":{"rendered":"<p class=\"p1\"><b>San Charbel Makhlouf &#8211; El Ermita\u00f1o del L\u00edbano<\/b><\/p>\n<p class=\"p1\">Un compa\u00f1ero suave y abrazable para ayudar a tu hijo a acercarse a uno de los santos m\u00e1s queridos de la Iglesia Maronita.<\/p>\n<p class=\"p1\">Iglesia.<\/p>\n<p class=\"p1\">San Charbel pas\u00f3 23 a\u00f1os en oraci\u00f3n y soledad en las monta\u00f1as del L\u00edbano. Hoy, su intercesi\u00f3n es <\/p>\n<p class=\"p1\">buscado por millones de personas en todo el mundo, y ahora tu peque\u00f1o puede tener su propio San Charbel para abrazarlo,<\/p>\n<p class=\"p1\">abrazar y aprender de ellos.<\/p>\n<p class=\"p1\"><b>Por qu\u00e9 las familias adoran este peluche:<\/b><\/p>\n<p class=\"p1\">Materiales suaves y seguros para los ni\u00f1os, perfectos para abrazarlos, dormir con ellos y llevarlos a todas partes<\/p>\n<p class=\"p1\">Detalles cuidadosamente dise\u00f1ados que honran la tradici\u00f3n mon\u00e1stica maronita de San Charbel<\/p>\n<p class=\"p1\">Una alternativa significativa a los peluches corrientes: es una herramienta de formaci\u00f3n en la fe<\/p>\n<p class=\"p1\">Calidad probada por una empresa externa para garantizar su seguridad y<b>durabilidadRegalo perfecto para:<\/b> Bautizos, Primera Comuni\u00f3n, Fiesta de San Charbel (24 de julio), Navidad o en cualquier ocasi\u00f3n<\/p>\n<p class=\"p1\">quieres compartir la fe con un ni\u00f1o al que quieres.<\/p>\n<p class=\"p1\"><b>Especificaciones:<\/b><\/p>\n<p class=\"p1\">Material: Tejido de felpa suave<\/p>\n<p class=\"p1\">Adecuado para mayores de 3 a\u00f1os<\/p>\n<p class=\"p1\">Superficie lavable<\/p>\n","protected":false},"featured_media":2952,"comment_status":"open","ping_status":"closed","template":"","meta":[],"product_brand":[],"product_cat":[42],"product_tag":[],"class_list":{"0":"post-1831","1":"product","2":"type-product","3":"status-publish","4":"has-post-thumbnail","6":"product_cat-peluches","8":"first","9":"onbackorder","10":"taxable","11":"shipping-taxable","12":"purchasable","13":"product-type-simple"},"jetpack_sharing_enabled":true,"_links":{"self":[{"href":"https:\/\/saintplushie.com\/es\/wp-json\/wp\/v2\/product\/1831","targetHints":{"allow":["GET"]}}],"collection":[{"href":"https:\/\/saintplushie.com\/es\/wp-json\/wp\/v2\/product"}],"about":[{"href":"https:\/\/saintplushie.com\/es\/wp-json\/wp\/v2\/types\/product"}],"replies":[{"embeddable":true,"href":"https:\/\/saintplushie.com\/es\/wp-json\/wp\/v2\/comments?post=1831"}],"wp:featuredmedia":[{"embeddable":true,"href":"https:\/\/saintplushie.com\/es\/wp-json\/wp\/v2\/media\/2952"}],"wp:attachment":[{"href":"https:\/\/saintplushie.com\/es\/wp-json\/wp\/v2\/media?parent=1831"}],"wp:term":[{"taxonomy":"product_brand","embeddable":true,"href":"https:\/\/saintplushie.com\/es\/wp-json\/wp\/v2\/product_brand?post=1831"},{"taxonomy":"product_cat","embeddable":true,"href":"https:\/\/saintplushie.com\/es\/wp-json\/wp\/v2\/product_cat?post=1831"},{"taxonomy":"product_tag","embeddable":true,"href":"https:\/\/saintplushie.com\/es\/wp-json\/wp\/v2\/product_tag?post=1831"}],"curies":[{"name":"wp","href":"https:\/\/api.w.org\/{rel}","templated":true}]}}