{"id":1826,"date":"2026-01-06T17:40:33","date_gmt":"2026-01-06T17:40:33","guid":{"rendered":"https:\/\/saintplushie.com\/shop\/santa-maria-2\/"},"modified":"2026-04-02T16:20:08","modified_gmt":"2026-04-02T16:20:08","slug":"santa-maria-2","status":"publish","type":"product","link":"https:\/\/saintplushie.com\/es\/shop\/santa-maria-2\/","title":{"rendered":"Santa Mar\u00eda"},"content":{"rendered":"<p class=\"p1\"><b>La Sant\u00edsima Virgen Mar\u00eda &#8211; Madre de la Gracia<\/b><\/p>\n<p class=\"p1\">Un compa\u00f1ero suave y abrazable para ayudar a tu hijo a desarrollar un tierno amor por Nuestra Sant\u00edsima Madre desde el primer momento<\/p>\n<p class=\"p1\">a\u00f1os de vida.<\/p>\n<p class=\"p1\">Los ni\u00f1os aprenden la devoci\u00f3n a trav\u00e9s de lo que pueden ver, tocar y sostener. Este peluche lleva a Mar\u00eda a la vida de tu hijo. <\/p>\n<p class=\"p1\">mundo cotidiano: a la hora de dormir, durante el recreo y en los momentos tranquilos de oraci\u00f3n. Est\u00e1 pensada para ser la primera <\/p>\n<p class=\"p1\">introducci\u00f3n al que dijo \u00abs\u00ed\u00bb a Dios y cambi\u00f3 el mundo.<\/p>\n<p class=\"p1\"><b>Por qu\u00e9 las familias adoran este peluche:<\/b><\/p>\n<p class=\"p1\">Materiales suaves y seguros para los ni\u00f1os, perfectos para abrazar, acurrucarse y dormir con ellos<\/p>\n<p class=\"p1\">Dise\u00f1ado con cuidado y devoci\u00f3n para honrar a Nuestra Se\u00f1ora<\/p>\n<p class=\"p1\">M\u00e1s que un juguete: una forma suave de plantar las semillas de la devoci\u00f3n mariana<\/p>\n<p class=\"p1\">Calidad probada por una empresa externa en cuanto a seguridad y durabilidad<\/p>\n<p class=\"p1\"><b>Regalo perfecto para:<\/b> Bautizos, Primera Comuni\u00f3n, Fiestas marianas, Mayo (mes de Mar\u00eda), Navidad, o cualquier<\/p>\n<p class=\"p1\">ocasi\u00f3n en la que quieras compartir la belleza de nuestra fe.<\/p>\n<p class=\"p1\"><b>Especificaciones:<\/b><\/p>\n<p class=\"p1\">Material: Tejido de felpa suave<\/p>\n<p class=\"p1\">Adecuado para mayores de 3 a\u00f1osSuperficie lavable<\/p>\n","protected":false},"excerpt":{"rendered":"<p>\u00a1Ll\u00e9vate a casa a la Madre de Dios con este adorable peluche de Nuestra Se\u00f1ora Mar\u00eda! Con 26 cm de altura y fabricado en poli\u00e9ster suave de alta calidad, este adorable compa\u00f1ero es perfecto para devotos de todas las edades. Un regalo significativo para Primeras Comuniones, bautizos o cualquier ocasi\u00f3n llena de fe, \u00a1y cada compra ayuda a los ni\u00f1os necesitados!  <\/p>\n","protected":false},"featured_media":2949,"comment_status":"open","ping_status":"closed","template":"","meta":[],"product_brand":[],"product_cat":[42],"product_tag":[],"class_list":{"0":"post-1826","1":"product","2":"type-product","3":"status-publish","4":"has-post-thumbnail","6":"product_cat-peluches","8":"first","9":"onbackorder","10":"taxable","11":"shipping-taxable","12":"purchasable","13":"product-type-simple"},"jetpack_sharing_enabled":true,"_links":{"self":[{"href":"https:\/\/saintplushie.com\/es\/wp-json\/wp\/v2\/product\/1826","targetHints":{"allow":["GET"]}}],"collection":[{"href":"https:\/\/saintplushie.com\/es\/wp-json\/wp\/v2\/product"}],"about":[{"href":"https:\/\/saintplushie.com\/es\/wp-json\/wp\/v2\/types\/product"}],"replies":[{"embeddable":true,"href":"https:\/\/saintplushie.com\/es\/wp-json\/wp\/v2\/comments?post=1826"}],"wp:featuredmedia":[{"embeddable":true,"href":"https:\/\/saintplushie.com\/es\/wp-json\/wp\/v2\/media\/2949"}],"wp:attachment":[{"href":"https:\/\/saintplushie.com\/es\/wp-json\/wp\/v2\/media?parent=1826"}],"wp:term":[{"taxonomy":"product_brand","embeddable":true,"href":"https:\/\/saintplushie.com\/es\/wp-json\/wp\/v2\/product_brand?post=1826"},{"taxonomy":"product_cat","embeddable":true,"href":"https:\/\/saintplushie.com\/es\/wp-json\/wp\/v2\/product_cat?post=1826"},{"taxonomy":"product_tag","embeddable":true,"href":"https:\/\/saintplushie.com\/es\/wp-json\/wp\/v2\/product_tag?post=1826"}],"curies":[{"name":"wp","href":"https:\/\/api.w.org\/{rel}","templated":true}]}}